{"id":3287,"date":"2023-12-07T15:46:00","date_gmt":"2023-12-07T15:46:00","guid":{"rendered":"https:\/\/florencelocalguides.com\/ueber-uns\/federica-bustreo\/"},"modified":"2025-06-13T19:48:39","modified_gmt":"2025-06-13T19:48:39","slug":"federica-bustreo","status":"publish","type":"page","link":"https:\/\/florencelocalguides.com\/de\/ueber-uns\/federica-bustreo\/","title":{"rendered":"Federica Bustreo"},"content":{"rendered":"\n<div style=\"height:50px\" aria-hidden=\"true\" class=\"wp-block-spacer\"><\/div>\n<h1 class=\"has-text-align-center wp-block-post-title\">Federica Bustreo<\/h1>\n<h3 class=\"wp-block-heading has-text-align-center\">Eine Kunsthistorikerin, die Tiere liebt<\/h3>\n<figure style=\"width:500px;\" class=\"aligncenter wp-block-post-featured-image\"><img fetchpriority=\"high\" decoding=\"async\" width=\"1920\" height=\"1282\" src=\"https:\/\/florencelocalguides.com\/wp-content\/uploads\/dsc02629.jpg\" class=\"attachment-post-thumbnail size-post-thumbnail wp-post-image\" alt=\"\" style=\"object-fit:cover;\" srcset=\"https:\/\/florencelocalguides.com\/wp-content\/uploads\/dsc02629.jpg 1920w, https:\/\/florencelocalguides.com\/wp-content\/uploads\/dsc02629-300x200.jpg 300w, https:\/\/florencelocalguides.com\/wp-content\/uploads\/dsc02629-1024x684.jpg 1024w, https:\/\/florencelocalguides.com\/wp-content\/uploads\/dsc02629-768x513.jpg 768w, https:\/\/florencelocalguides.com\/wp-content\/uploads\/dsc02629-1536x1026.jpg 1536w\" sizes=\"(max-width: 1920px) 100vw, 1920px\" \/><\/figure>\n<div style=\"height:30px\" aria-hidden=\"true\" class=\"wp-block-spacer\"><\/div>\n\n<p>Geboren und aufgewachsen im Norden Italiens, erinnere ich mich noch gut an das erste Mal, als ich nach Florenz kam: Ich war 17 Jahre alt und v\u00f6llig fasziniert von allem, was mit Kunst zu tun hatte. Ich wusste sofort, dass dies der Ort war, an dem ich leben musste. Und mein Traum wurde nur wenige Jahre sp\u00e4ter erf\u00fcllt!<\/p>\n\n<p><span style=\"font-weight: 400;\">Nachdem ich Sprachen an der Hochschule in Padua, meiner Heimatstadt, lernte hatte, zog ich nach Deutschland, um meine Sprachkenntnisse zu verbessern. Eine gro\u00dfartige Gelegenheit, junge Studenten aus der ganzen Welt zu treffen und zum ersten Mal v\u00f6llig unabh\u00e4ngig in die Welt der Erwachsenen einzutreten. Ich verbrachte ein Jahr in Deutschland, als ich dann in meine Heimat zur\u00fcckkehrte, entschied ich mich, nach Florenz zu ziehen, um Kunstgeschichte an der dortigen Universit\u00e4t zu studieren.<\/span><\/p>\n\n<p><span style=\"font-weight: 400;\">Ich erlangte meinen Master-Abschluss in Geschichte der mittelalterlichen Kunst im Jahr 2007 an der Universit\u00e0 degli Studi di Firenze. Nachdem ich einige Zeit im Ausland verbracht hatte, kehrte ich nach Florenz zur\u00fcck.<\/span><\/p>\n\n<h2 class=\"wp-block-heading\"><span style=\"font-weight: 400;\">Mein Wunsch war es, die Pracht der unvergleichlichen Vergangenheit jeden Tag zu sp\u00fcren; und das in einer Stadt von wirklich lebenswerten Gr\u00f6\u00dfe, einer Stadt, die leicht zu Fu\u00df oder mit dem Fahrrad zu erschlie\u00dfen ist.\u00a0<\/span><\/h2>\n\n<p>Und so konnte ich eine pers\u00f6nliche Beziehung zu dieser Stadt und ihren Stra\u00dfen schaffen.<\/p>\n\n<p>Im Jahr 2010 wurde ich Stadtf\u00fchrerin, um all das zu vermitteln, das dem kurzfristigen Besucher nicht sofort sichtbar ist.<br\/>Sie werden verstehen k\u00f6nnen, dass ich wirklich begeistert von Museen und Kunst bin. Aber ich bin auch ein gro\u00dfer Tier- und Naturliebhaber. Meine Freizeit verbringe ich mit langen Spazierg\u00e4ngen und Wanderungen mit meinem geliebten Hund. Wenn m\u00f6glich, sind Hunde auf meinen Touren herzlich willkommen, falls Sie mit Ihren Haustieren reisen!<\/p>\n\n<p><span style=\"font-weight: 400;\">Von allen gef\u00fchrten Touren, die wir anbieten, ist meine Lieblingsstrecke diejenige, die <a href=\"https:\/\/florencelocalguides.com\/de\/tours\/florenz-abseits-der-ausgetretenen-pfade\/\">die versteckten Pfade von Florenz<\/a> erkundet. Bei diesem besonderen Spaziergang haben wir die M\u00f6glichkeit, die \u00fcberf\u00fcllten Stra\u00dfen der Stadt zu verlassen und ein ruhigeres und gr\u00fcneres Florenz zu erreichen.<\/span><\/p>\n\n<h3 class=\"wp-block-heading\">Es gibt immer noch viele versteckte Sch\u00e4tze, die in meiner wundersch\u00f6nen Stadt entdeckt werden k\u00f6nnen!<\/h3>\n\n<div style=\"height:50px\" aria-hidden=\"true\" class=\"wp-block-spacer\"><\/div>\n","protected":false},"excerpt":{"rendered":"<p>Als ich in Florenz ankam, wusste ich sofort, dass dies die Stadt war, in der ich leben wollte. Wenn Sie genauso kunstbegeistert sind wie ich, ist dies der richtige Ort f\u00fcr Sie!<\/p>\n","protected":false},"author":1,"featured_media":3915,"parent":3284,"menu_order":18,"comment_status":"closed","ping_status":"closed","template":"","meta":{"_acf_changed":false,"footnotes":""},"categories":[],"tags":[],"class_list":["post-3287","page","type-page","status-publish","has-post-thumbnail","hentry"],"acf":[],"yoast_head":"<!-- This site is optimized with the Yoast SEO plugin v27.1.1 - https:\/\/yoast.com\/product\/yoast-seo-wordpress\/ -->\n<title>Federica Bustreo Privater Reisef\u00fchrer f\u00fcr Florenz - Floe - Florence Local Experts<\/title>\n<meta name=\"description\" content=\"Privater Reisef\u00fchrer mit Leidenschaft f\u00fcr Museen und Kunst. Mein Wunsch ist es, jeden Tag den Ruhm der unwiederholbaren und unvergleichlichen Vergangenheit von Florenz einzuatmen\" \/>\n<meta name=\"robots\" content=\"index, follow, max-snippet:-1, max-image-preview:large, max-video-preview:-1\" \/>\n<link rel=\"canonical\" href=\"https:\/\/florencelocalguides.com\/de\/ueber-uns\/federica-bustreo\/\" \/>\n<meta property=\"og:locale\" content=\"de_DE\" \/>\n<meta property=\"og:type\" content=\"article\" \/>\n<meta property=\"og:title\" content=\"Federica Bustreo Privater Reisef\u00fchrer f\u00fcr Florenz - Floe - Florence Local Experts\" \/>\n<meta property=\"og:description\" content=\"Privater Reisef\u00fchrer mit Leidenschaft f\u00fcr Museen und Kunst. Mein Wunsch ist es, jeden Tag den Ruhm der unwiederholbaren und unvergleichlichen Vergangenheit von Florenz einzuatmen\" \/>\n<meta property=\"og:url\" content=\"https:\/\/florencelocalguides.com\/de\/ueber-uns\/federica-bustreo\/\" \/>\n<meta property=\"og:site_name\" content=\"Floe - Florence Local Experts\" \/>\n<meta property=\"article:modified_time\" content=\"2025-06-13T19:48:39+00:00\" \/>\n<meta property=\"og:image\" content=\"https:\/\/florencelocalguides.com\/wp-content\/uploads\/dsc02629.jpg\" \/>\n\t<meta property=\"og:image:width\" content=\"1920\" \/>\n\t<meta property=\"og:image:height\" content=\"1282\" \/>\n\t<meta property=\"og:image:type\" content=\"image\/jpeg\" \/>\n<meta name=\"twitter:card\" content=\"summary_large_image\" \/>\n<meta name=\"twitter:label1\" content=\"Gesch\u00e4tzte Lesezeit\" \/>\n\t<meta name=\"twitter:data1\" content=\"3\u00a0Minuten\" \/>\n<!-- \/ Yoast SEO plugin. -->","yoast_head_json":{"title":"Federica Bustreo Privater Reisef\u00fchrer f\u00fcr Florenz - Floe - Florence Local Experts","description":"Privater Reisef\u00fchrer mit Leidenschaft f\u00fcr Museen und Kunst. Mein Wunsch ist es, jeden Tag den Ruhm der unwiederholbaren und unvergleichlichen Vergangenheit von Florenz einzuatmen","robots":{"index":"index","follow":"follow","max-snippet":"max-snippet:-1","max-image-preview":"max-image-preview:large","max-video-preview":"max-video-preview:-1"},"canonical":"https:\/\/florencelocalguides.com\/de\/ueber-uns\/federica-bustreo\/","og_locale":"de_DE","og_type":"article","og_title":"Federica Bustreo Privater Reisef\u00fchrer f\u00fcr Florenz - Floe - Florence Local Experts","og_description":"Privater Reisef\u00fchrer mit Leidenschaft f\u00fcr Museen und Kunst. Mein Wunsch ist es, jeden Tag den Ruhm der unwiederholbaren und unvergleichlichen Vergangenheit von Florenz einzuatmen","og_url":"https:\/\/florencelocalguides.com\/de\/ueber-uns\/federica-bustreo\/","og_site_name":"Floe - Florence Local Experts","article_modified_time":"2025-06-13T19:48:39+00:00","og_image":[{"width":1920,"height":1282,"url":"https:\/\/florencelocalguides.com\/wp-content\/uploads\/dsc02629.jpg","type":"image\/jpeg"}],"twitter_card":"summary_large_image","twitter_misc":{"Gesch\u00e4tzte Lesezeit":"3\u00a0Minuten"},"schema":{"@context":"https:\/\/schema.org","@graph":[{"@type":"WebPage","@id":"https:\/\/florencelocalguides.com\/de\/ueber-uns\/federica-bustreo\/","url":"https:\/\/florencelocalguides.com\/de\/ueber-uns\/federica-bustreo\/","name":"Federica Bustreo Privater Reisef\u00fchrer f\u00fcr Florenz - Floe - Florence Local Experts","isPartOf":{"@id":"https:\/\/florencelocalguides.com\/de\/#website"},"primaryImageOfPage":{"@id":"https:\/\/florencelocalguides.com\/de\/ueber-uns\/federica-bustreo\/#primaryimage"},"image":{"@id":"https:\/\/florencelocalguides.com\/de\/ueber-uns\/federica-bustreo\/#primaryimage"},"thumbnailUrl":"https:\/\/florencelocalguides.com\/wp-content\/uploads\/dsc02629.jpg","datePublished":"2023-12-07T15:46:00+00:00","dateModified":"2025-06-13T19:48:39+00:00","description":"Privater Reisef\u00fchrer mit Leidenschaft f\u00fcr Museen und Kunst. Mein Wunsch ist es, jeden Tag den Ruhm der unwiederholbaren und unvergleichlichen Vergangenheit von Florenz einzuatmen","breadcrumb":{"@id":"https:\/\/florencelocalguides.com\/de\/ueber-uns\/federica-bustreo\/#breadcrumb"},"inLanguage":"de","potentialAction":[{"@type":"ReadAction","target":["https:\/\/florencelocalguides.com\/de\/ueber-uns\/federica-bustreo\/"]}]},{"@type":"ImageObject","inLanguage":"de","@id":"https:\/\/florencelocalguides.com\/de\/ueber-uns\/federica-bustreo\/#primaryimage","url":"https:\/\/florencelocalguides.com\/wp-content\/uploads\/dsc02629.jpg","contentUrl":"https:\/\/florencelocalguides.com\/wp-content\/uploads\/dsc02629.jpg","width":1920,"height":1282},{"@type":"BreadcrumbList","@id":"https:\/\/florencelocalguides.com\/de\/ueber-uns\/federica-bustreo\/#breadcrumb","itemListElement":[{"@type":"ListItem","position":1,"name":"Home","item":"https:\/\/florencelocalguides.com\/de\/"},{"@type":"ListItem","position":2,"name":"\u00dcber Uns","item":"https:\/\/florencelocalguides.com\/de\/ueber-uns\/"},{"@type":"ListItem","position":3,"name":"Federica Bustreo"}]},{"@type":"WebSite","@id":"https:\/\/florencelocalguides.com\/de\/#website","url":"https:\/\/florencelocalguides.com\/de\/","name":"Floe - Florence Local Experts","description":"","publisher":{"@id":"https:\/\/florencelocalguides.com\/de\/#organization"},"potentialAction":[{"@type":"SearchAction","target":{"@type":"EntryPoint","urlTemplate":"https:\/\/florencelocalguides.com\/de\/?s={search_term_string}"},"query-input":{"@type":"PropertyValueSpecification","valueRequired":true,"valueName":"search_term_string"}}],"inLanguage":"de"},{"@type":"Organization","@id":"https:\/\/florencelocalguides.com\/de\/#organization","name":"Floe - Florence Local Experts","url":"https:\/\/florencelocalguides.com\/de\/","logo":{"@type":"ImageObject","inLanguage":"de","@id":"https:\/\/florencelocalguides.com\/de\/#\/schema\/logo\/image\/","url":"https:\/\/florencelocalguides.com\/wp-content\/uploads\/logo\/logo-floe-ok.svg","contentUrl":"https:\/\/florencelocalguides.com\/wp-content\/uploads\/logo\/logo-floe-ok.svg","caption":"Floe - Florence Local Experts"},"image":{"@id":"https:\/\/florencelocalguides.com\/de\/#\/schema\/logo\/image\/"}}]}},"_links":{"self":[{"href":"https:\/\/florencelocalguides.com\/de\/wp-json\/wp\/v2\/pages\/3287","targetHints":{"allow":["GET"]}}],"collection":[{"href":"https:\/\/florencelocalguides.com\/de\/wp-json\/wp\/v2\/pages"}],"about":[{"href":"https:\/\/florencelocalguides.com\/de\/wp-json\/wp\/v2\/types\/page"}],"author":[{"embeddable":true,"href":"https:\/\/florencelocalguides.com\/de\/wp-json\/wp\/v2\/users\/1"}],"replies":[{"embeddable":true,"href":"https:\/\/florencelocalguides.com\/de\/wp-json\/wp\/v2\/comments?post=3287"}],"version-history":[{"count":9,"href":"https:\/\/florencelocalguides.com\/de\/wp-json\/wp\/v2\/pages\/3287\/revisions"}],"predecessor-version":[{"id":4072,"href":"https:\/\/florencelocalguides.com\/de\/wp-json\/wp\/v2\/pages\/3287\/revisions\/4072"}],"up":[{"embeddable":true,"href":"https:\/\/florencelocalguides.com\/de\/wp-json\/wp\/v2\/pages\/3284"}],"wp:featuredmedia":[{"embeddable":true,"href":"https:\/\/florencelocalguides.com\/de\/wp-json\/wp\/v2\/media\/3915"}],"wp:attachment":[{"href":"https:\/\/florencelocalguides.com\/de\/wp-json\/wp\/v2\/media?parent=3287"}],"wp:term":[{"taxonomy":"category","embeddable":true,"href":"https:\/\/florencelocalguides.com\/de\/wp-json\/wp\/v2\/categories?post=3287"},{"taxonomy":"post_tag","embeddable":true,"href":"https:\/\/florencelocalguides.com\/de\/wp-json\/wp\/v2\/tags?post=3287"}],"curies":[{"name":"wp","href":"https:\/\/api.w.org\/{rel}","templated":true}]}}