{"id":3290,"date":"2023-12-07T15:47:19","date_gmt":"2023-12-07T15:47:19","guid":{"rendered":"https:\/\/florencelocalguides.com\/ueber-uns\/valentina-longo\/"},"modified":"2024-03-25T14:47:02","modified_gmt":"2024-03-25T14:47:02","slug":"valentina-longo","status":"publish","type":"page","link":"https:\/\/florencelocalguides.com\/de\/ueber-uns\/valentina-longo\/","title":{"rendered":"Valentina Longo"},"content":{"rendered":"\n<div style=\"height:50px\" aria-hidden=\"true\" class=\"wp-block-spacer\"><\/div>\n\n\n<h1 class=\"has-text-align-center wp-block-post-title\">Valentina Longo<\/h1>\n\n\n<h3 class=\"wp-block-heading has-text-align-center\">Eine echte Florentinerin, die ihre Heimat liebt<\/h3>\n\n\n<figure style=\"width:500px;\" class=\"aligncenter wp-block-post-featured-image\"><img fetchpriority=\"high\" decoding=\"async\" width=\"1920\" height=\"1282\" src=\"https:\/\/florencelocalguides.com\/wp-content\/uploads\/dsc02614.jpg\" class=\"attachment-post-thumbnail size-post-thumbnail wp-post-image\" alt=\"\" style=\"object-fit:cover;\" srcset=\"https:\/\/florencelocalguides.com\/wp-content\/uploads\/dsc02614.jpg 1920w, https:\/\/florencelocalguides.com\/wp-content\/uploads\/dsc02614-300x200.jpg 300w, https:\/\/florencelocalguides.com\/wp-content\/uploads\/dsc02614-1024x684.jpg 1024w, https:\/\/florencelocalguides.com\/wp-content\/uploads\/dsc02614-768x513.jpg 768w, https:\/\/florencelocalguides.com\/wp-content\/uploads\/dsc02614-1536x1026.jpg 1536w\" sizes=\"(max-width: 1920px) 100vw, 1920px\" \/><\/figure>\n\n\n<div style=\"height:30px\" aria-hidden=\"true\" class=\"wp-block-spacer\"><\/div>\n\n\n\n<p><span style=\"font-weight: 400;\">Ich bin in Florenz geboren und aufgewachsen, und ich w\u00fcrde es mit keiner anderen Stadt der Welt tauschen.<\/span><\/p>\n\n\n\n<p>Schon als kleines Kind bin ich mit meiner Mutter durch die Stra\u00dfen von Florenz gegangen. Sie erz\u00e4hlte mir all die Geschichten und zeigte mir all die Sch\u00f6nheiten, von denen wir umgeben sind. <\/p>\n\n\n\n<p><span style=\"font-weight: 400;\">So kam ich mit Michelangelo, Brunelleschi, den Medici und all den Pers\u00f6nlichkeiten in Ber\u00fchrung, die Florenz weltweit bekannt gemacht haben.<\/span><\/p>\n\n\n\n<h2 class=\"wp-block-heading\"><span style=\"font-weight: 400;\">Ich habe Sprachen studiert und spreche Englisch, Franz\u00f6sisch und Spanisch. <\/span><\/h2>\n\n\n\n<p><span style=\"font-weight: 400;\">Nachdem ich ein Jahr in Australien verbracht hatte, um meine Englischkenntnisse zu verbessern, kehrte ich nach Florenz zur\u00fcck und entschied mich, die Pr\u00fcfung zum Stadtf\u00fchrer<\/span> <span style=\"font-weight: 400;\">abzulegen.<\/span><\/p>\n\n\n\n<p>Ich liebe das Reisen und habe viele L\u00e4nder auf der Welt besucht. Dabei habe ich mich bem\u00fcht, die Orte so zu erleben, wie es die Einheimischen tun. Ich denke, dass auch alle, die nach Florenz kommen, dasselbe m\u00f6chten. Wenn Sie das genauso sehen, gibt es keine bessere Person als mich.<\/p>\n\n\n\n<p>Eine weitere Leidenschaft meines Lebens ist das Theater. Ich habe damit begonnen, als ich 15 Jahre alt war, und auch heute noch bin ich Teil einer \u00f6rtlichen Theatergruppe. <\/p>\n\n\n\n<p>Ich habe Schauspiel an der Universit\u00e4t von Bologna studiert und einen Abschluss am &#8222;Laboratorio nove&#8220;, der wichtigsten Schauspielschule in Florenz, erworben.<\/p>\n\n\n\n<p>Das Theater hat mir geholfen, meinen Touren eine andere Note zu verleihen \u2013 nicht eine einfache Vorlesung, sondern ein wenig Unterhaltung und Spa\u00df, w\u00e4hrend Sie mehr \u00fcber Geschichte und Kunst erfahren.\r\n<\/p>\n\n\n\n<p>Die Touren, die ich gerne leite, sind vielf\u00e4ltig, aber wenn ich mich entscheiden m\u00fcsste, w\u00fcrde ich definitiv &#8222;<strong><a href=\"https:\/\/florencelocalguides.com\/de\/tours\/medici-familientour-in-florenz\/\">die Medici-Tour<\/a><\/strong>&#8220; und die Tour \u00fcber &#8222;<strong><a href=\"https:\/\/florencelocalguides.com\/de\/tours\/die-dunkle-seite-von-florenz-eine-mysterioese-und-aufregende-stadtfuehrung\/\">das Dunkle Herz von Florenz<\/a><\/strong>&#8220; w\u00e4hlen. Ohne diese w\u00fcrden Sie nie erfahren, wie viele verr\u00fcckte Dinge in meiner geliebten Stadt passiert sind!<\/p>\n\n\n\n<p>Jetzt f\u00fchre ich Touren seit 2010 durch. Ich liebe diesen Job, er gibt mir die M\u00f6glichkeit, Menschen aus der ganzen Welt zu treffen, mit vielen verschiedenen Kulturen in Kontakt zu kommen, und das bereichert mich jeden einzelnen Tag.<\/p>\n\n\n\n<h3 class=\"wp-block-heading\">&#8222;Liebe deinen Job und du wirst nie einen Tag arbeiten.&#8220; (Konfuzius)<\/h3>\n\n\n\n<div style=\"height:50px\" aria-hidden=\"true\" class=\"wp-block-spacer\"><\/div>\n","protected":false},"excerpt":{"rendered":"<p>Ich bin in Florenz geboren und aufgewachsen und w\u00fcrde es mit keiner anderen Stadt der Welt tauschen. Und wenn Sie es mit einer waschechten Florentinerin erleben m\u00f6chten, gibt es keine bessere F\u00fchrerin als mich.<\/p>\n","protected":false},"author":1,"featured_media":3911,"parent":3284,"menu_order":13,"comment_status":"closed","ping_status":"closed","template":"","meta":{"_acf_changed":false,"footnotes":""},"categories":[],"tags":[],"class_list":["post-3290","page","type-page","status-publish","has-post-thumbnail","hentry"],"acf":[],"yoast_head":"<!-- This site is optimized with the Yoast SEO plugin v27.1.1 - https:\/\/yoast.com\/product\/yoast-seo-wordpress\/ -->\n<title>Valentina Longo Privater Reisef\u00fchrer f\u00fcr Florenz - Floe - Florence Local Experts<\/title>\n<meta name=\"description\" content=\"Ich bin in Florenz geboren und aufgewachsen, und ich w\u00fcrde es mit keiner anderen Stadt der Welt tauschen.\" \/>\n<meta name=\"robots\" content=\"index, follow, max-snippet:-1, max-image-preview:large, max-video-preview:-1\" \/>\n<link rel=\"canonical\" href=\"https:\/\/florencelocalguides.com\/de\/ueber-uns\/valentina-longo\/\" \/>\n<meta property=\"og:locale\" content=\"de_DE\" \/>\n<meta property=\"og:type\" content=\"article\" \/>\n<meta property=\"og:title\" content=\"Valentina Longo Privater Reisef\u00fchrer f\u00fcr Florenz - Floe - Florence Local Experts\" \/>\n<meta property=\"og:description\" content=\"Ich bin in Florenz geboren und aufgewachsen, und ich w\u00fcrde es mit keiner anderen Stadt der Welt tauschen.\" \/>\n<meta property=\"og:url\" content=\"https:\/\/florencelocalguides.com\/de\/ueber-uns\/valentina-longo\/\" \/>\n<meta property=\"og:site_name\" content=\"Floe - Florence Local Experts\" \/>\n<meta property=\"article:modified_time\" content=\"2024-03-25T14:47:02+00:00\" \/>\n<meta property=\"og:image\" content=\"https:\/\/florencelocalguides.com\/wp-content\/uploads\/header\/spp1440.jpg\" \/>\n\t<meta property=\"og:image:width\" content=\"1920\" \/>\n\t<meta property=\"og:image:height\" content=\"1278\" \/>\n\t<meta property=\"og:image:type\" content=\"image\/jpeg\" \/>\n<meta name=\"twitter:card\" content=\"summary_large_image\" \/>\n<meta name=\"twitter:label1\" content=\"Gesch\u00e4tzte Lesezeit\" \/>\n\t<meta name=\"twitter:data1\" content=\"2\u00a0Minuten\" \/>\n<!-- \/ Yoast SEO plugin. -->","yoast_head_json":{"title":"Valentina Longo Privater Reisef\u00fchrer f\u00fcr Florenz - Floe - Florence Local Experts","description":"Ich bin in Florenz geboren und aufgewachsen, und ich w\u00fcrde es mit keiner anderen Stadt der Welt tauschen.","robots":{"index":"index","follow":"follow","max-snippet":"max-snippet:-1","max-image-preview":"max-image-preview:large","max-video-preview":"max-video-preview:-1"},"canonical":"https:\/\/florencelocalguides.com\/de\/ueber-uns\/valentina-longo\/","og_locale":"de_DE","og_type":"article","og_title":"Valentina Longo Privater Reisef\u00fchrer f\u00fcr Florenz - Floe - Florence Local Experts","og_description":"Ich bin in Florenz geboren und aufgewachsen, und ich w\u00fcrde es mit keiner anderen Stadt der Welt tauschen.","og_url":"https:\/\/florencelocalguides.com\/de\/ueber-uns\/valentina-longo\/","og_site_name":"Floe - Florence Local Experts","article_modified_time":"2024-03-25T14:47:02+00:00","og_image":[{"width":1920,"height":1278,"url":"https:\/\/florencelocalguides.com\/wp-content\/uploads\/header\/spp1440.jpg","type":"image\/jpeg"}],"twitter_card":"summary_large_image","twitter_misc":{"Gesch\u00e4tzte Lesezeit":"2\u00a0Minuten"},"schema":{"@context":"https:\/\/schema.org","@graph":[{"@type":"WebPage","@id":"https:\/\/florencelocalguides.com\/de\/ueber-uns\/valentina-longo\/","url":"https:\/\/florencelocalguides.com\/de\/ueber-uns\/valentina-longo\/","name":"Valentina Longo Privater Reisef\u00fchrer f\u00fcr Florenz - Floe - Florence Local Experts","isPartOf":{"@id":"https:\/\/florencelocalguides.com\/de\/#website"},"primaryImageOfPage":{"@id":"https:\/\/florencelocalguides.com\/de\/ueber-uns\/valentina-longo\/#primaryimage"},"image":{"@id":"https:\/\/florencelocalguides.com\/de\/ueber-uns\/valentina-longo\/#primaryimage"},"thumbnailUrl":"https:\/\/florencelocalguides.com\/wp-content\/uploads\/dsc02614.jpg","datePublished":"2023-12-07T15:47:19+00:00","dateModified":"2024-03-25T14:47:02+00:00","description":"Ich bin in Florenz geboren und aufgewachsen, und ich w\u00fcrde es mit keiner anderen Stadt der Welt tauschen.","breadcrumb":{"@id":"https:\/\/florencelocalguides.com\/de\/ueber-uns\/valentina-longo\/#breadcrumb"},"inLanguage":"de","potentialAction":[{"@type":"ReadAction","target":["https:\/\/florencelocalguides.com\/de\/ueber-uns\/valentina-longo\/"]}]},{"@type":"ImageObject","inLanguage":"de","@id":"https:\/\/florencelocalguides.com\/de\/ueber-uns\/valentina-longo\/#primaryimage","url":"https:\/\/florencelocalguides.com\/wp-content\/uploads\/dsc02614.jpg","contentUrl":"https:\/\/florencelocalguides.com\/wp-content\/uploads\/dsc02614.jpg","width":1920,"height":1282},{"@type":"BreadcrumbList","@id":"https:\/\/florencelocalguides.com\/de\/ueber-uns\/valentina-longo\/#breadcrumb","itemListElement":[{"@type":"ListItem","position":1,"name":"Home","item":"https:\/\/florencelocalguides.com\/de\/"},{"@type":"ListItem","position":2,"name":"\u00dcber Uns","item":"https:\/\/florencelocalguides.com\/de\/ueber-uns\/"},{"@type":"ListItem","position":3,"name":"Valentina Longo"}]},{"@type":"WebSite","@id":"https:\/\/florencelocalguides.com\/de\/#website","url":"https:\/\/florencelocalguides.com\/de\/","name":"Floe - Florence Local Experts","description":"","publisher":{"@id":"https:\/\/florencelocalguides.com\/de\/#organization"},"potentialAction":[{"@type":"SearchAction","target":{"@type":"EntryPoint","urlTemplate":"https:\/\/florencelocalguides.com\/de\/?s={search_term_string}"},"query-input":{"@type":"PropertyValueSpecification","valueRequired":true,"valueName":"search_term_string"}}],"inLanguage":"de"},{"@type":"Organization","@id":"https:\/\/florencelocalguides.com\/de\/#organization","name":"Floe - Florence Local Experts","url":"https:\/\/florencelocalguides.com\/de\/","logo":{"@type":"ImageObject","inLanguage":"de","@id":"https:\/\/florencelocalguides.com\/de\/#\/schema\/logo\/image\/","url":"https:\/\/florencelocalguides.com\/wp-content\/uploads\/logo\/logo-floe-ok.svg","contentUrl":"https:\/\/florencelocalguides.com\/wp-content\/uploads\/logo\/logo-floe-ok.svg","caption":"Floe - Florence Local Experts"},"image":{"@id":"https:\/\/florencelocalguides.com\/de\/#\/schema\/logo\/image\/"}}]}},"_links":{"self":[{"href":"https:\/\/florencelocalguides.com\/de\/wp-json\/wp\/v2\/pages\/3290","targetHints":{"allow":["GET"]}}],"collection":[{"href":"https:\/\/florencelocalguides.com\/de\/wp-json\/wp\/v2\/pages"}],"about":[{"href":"https:\/\/florencelocalguides.com\/de\/wp-json\/wp\/v2\/types\/page"}],"author":[{"embeddable":true,"href":"https:\/\/florencelocalguides.com\/de\/wp-json\/wp\/v2\/users\/1"}],"replies":[{"embeddable":true,"href":"https:\/\/florencelocalguides.com\/de\/wp-json\/wp\/v2\/comments?post=3290"}],"version-history":[{"count":4,"href":"https:\/\/florencelocalguides.com\/de\/wp-json\/wp\/v2\/pages\/3290\/revisions"}],"predecessor-version":[{"id":3439,"href":"https:\/\/florencelocalguides.com\/de\/wp-json\/wp\/v2\/pages\/3290\/revisions\/3439"}],"up":[{"embeddable":true,"href":"https:\/\/florencelocalguides.com\/de\/wp-json\/wp\/v2\/pages\/3284"}],"wp:featuredmedia":[{"embeddable":true,"href":"https:\/\/florencelocalguides.com\/de\/wp-json\/wp\/v2\/media\/3911"}],"wp:attachment":[{"href":"https:\/\/florencelocalguides.com\/de\/wp-json\/wp\/v2\/media?parent=3290"}],"wp:term":[{"taxonomy":"category","embeddable":true,"href":"https:\/\/florencelocalguides.com\/de\/wp-json\/wp\/v2\/categories?post=3290"},{"taxonomy":"post_tag","embeddable":true,"href":"https:\/\/florencelocalguides.com\/de\/wp-json\/wp\/v2\/tags?post=3290"}],"curies":[{"name":"wp","href":"https:\/\/api.w.org\/{rel}","templated":true}]}}