{"id":3343,"date":"2023-12-05T20:13:01","date_gmt":"2023-12-05T20:13:01","guid":{"rendered":"https:\/\/florencelocalguides.com\/kontakte\/"},"modified":"2024-03-25T16:15:30","modified_gmt":"2024-03-25T16:15:30","slug":"kontakte","status":"publish","type":"page","link":"https:\/\/florencelocalguides.com\/de\/kontakte\/","title":{"rendered":"Kontakte"},"content":{"rendered":"\t\t<div data-elementor-type=\"wp-page\" data-elementor-id=\"3343\" class=\"elementor elementor-3343 elementor-51\" data-elementor-post-type=\"page\">\n\t\t\t\t<div class=\"elementor-element elementor-element-5c58675c e-con-full e-flex e-con e-parent\" data-id=\"5c58675c\" data-element_type=\"container\" data-settings=\"{&quot;jet_parallax_layout_list&quot;:[]}\">\n\t\t\t\t<div data-dce-title-color=\"#FFFFFF\" data-dce-advanced-background-image-url=\"https:\/\/florencelocalguides.com\/wp-content\/uploads\/header\/spp2162.jpg\" class=\"elementor-element elementor-element-306298f3 elementor-invisible elementor-has-bg-overlay elementor-widget elementor-widget-heading\" data-id=\"306298f3\" data-element_type=\"widget\" data-settings=\"{&quot;_animation&quot;:&quot;fadeInDown&quot;}\" data-widget_type=\"heading.default\">\n\t\t\t\t<div class=\"elementor-widget-container\">\n\t\t\t\t\t<h1 class=\"elementor-heading-title elementor-size-default\">Kontakte<\/h1>\t\t\t\t<\/div>\n\t\t\t\t<\/div>\n\t\t\t\t<\/div>\n\t\t<div class=\"elementor-element elementor-element-6b2b6474 e-flex e-con-boxed e-con e-parent\" data-id=\"6b2b6474\" data-element_type=\"container\" data-settings=\"{&quot;jet_parallax_layout_list&quot;:[]}\">\n\t\t\t\t\t<div class=\"e-con-inner\">\n\t\t\t\t<div class=\"elementor-element elementor-element-219596b elementor-widget elementor-widget-text-editor\" data-id=\"219596b\" data-element_type=\"widget\" data-widget_type=\"text-editor.default\">\n\t\t\t\t<div class=\"elementor-widget-container\">\n\t\t\t\t\t\t\t\t\t<p>Sie k\u00f6nnen uns \u00fcber unsere Website kontaktieren, indem Sie das untenstehende Formular ausf\u00fcllen, oder indem Sie eine E-Mail an <a href=\"mailto:info@florencelocalguides.com\">info@florencelocalguides.com<\/a> schreiben oder uns anrufen (auch per Whatsapp): Federica <a href=\"tel:+393334863446\">+393334863446<\/a>\u00a0\u2013 Valentina\u00a0<a href=\"tel:+393358122007\">+393358122007<\/a>. Wenn Sie spezielle W\u00fcnsche oder Fragen haben, z\u00f6gern Sie nicht, uns zu kontaktieren, und wir werden Ihnen helfen, Ihre Tour individuell zu gestalten.<\/p>\n\t\t\t\t\t\t\t\t<\/div>\n\t\t\t\t<\/div>\n\t\t\t\t<div class=\"elementor-element elementor-element-36602da elementor-widget elementor-widget-formidable\" data-id=\"36602da\" data-element_type=\"widget\" data-widget_type=\"formidable.default\">\n\t\t\t\t<div class=\"elementor-widget-container\">\n\t\t\t\t\t<div class=\"frm_forms  with_frm_style frm_style_stile-di-formidable-2\" id=\"frm_form_2_container\" >\n<form enctype=\"multipart\/form-data\" method=\"post\" class=\"frm-show-form  frm_ajax_submit  frm_pro_form \" id=\"form_contact-form2\" >\n<div class=\"frm_form_fields \">\n<fieldset>\n<legend class=\"frm_screen_reader\">Kontakte<\/legend>\r\n\r\n<div class=\"frm_fields_container\">\n<input type=\"hidden\" name=\"frm_action\" value=\"create\" \/>\n<input type=\"hidden\" name=\"form_id\" value=\"2\" \/>\n<input type=\"hidden\" name=\"frm_hide_fields_2\" id=\"frm_hide_fields_2\" value=\"\" \/>\n<input type=\"hidden\" name=\"form_key\" value=\"contact-form2\" \/>\n<input type=\"hidden\" name=\"item_meta[0]\" value=\"\" \/>\n<input type=\"hidden\" id=\"frm_submit_entry_2\" name=\"frm_submit_entry_2\" value=\"d4ee08f075\" \/><input type=\"hidden\" name=\"_wp_http_referer\" value=\"\/de\/wp-json\/wp\/v2\/pages\/3343\" \/><div id=\"frm_field_6_container\" class=\"frm_form_field form-field  frm_required_field frm_top_container frm_first frm_half\">\r\n    <label for=\"field_qh4icy2\" id=\"field_qh4icy2_label\" class=\"frm_primary_label\">Ihr Name\r\n        <span class=\"frm_required\" aria-hidden=\"true\">*<\/span>\r\n    <\/label>\r\n    <input type=\"text\" id=\"field_qh4icy2\" name=\"item_meta[6]\" value=\"\"  data-reqmsg=\"Das Feld darf nicht leer sein.\" aria-required=\"true\" data-invmsg=\"Ihr Name non \u00e8 valido\" aria-invalid=\"false\"   aria-describedby=\"frm_desc_field_qh4icy2\"\/>\r\n    <div class=\"frm_description\" id=\"frm_desc_field_qh4icy2\">Vorname<\/div>\r\n    \r\n<\/div>\n<div id=\"frm_field_7_container\" class=\"frm_form_field form-field  frm_required_field frm_hidden_container frm_half\">\r\n    <label for=\"field_ocfup12\" id=\"field_ocfup12_label\" class=\"frm_primary_label\">Ihr Nachname\r\n        <span class=\"frm_required\" aria-hidden=\"true\">*<\/span>\r\n    <\/label>\r\n    <input type=\"text\" id=\"field_ocfup12\" name=\"item_meta[7]\" value=\"\"  data-reqmsg=\"Das Feld darf nicht leer sein.\" aria-required=\"true\" data-invmsg=\"Ihr Nachname non \u00e8 valido\" aria-invalid=\"false\"   aria-describedby=\"frm_desc_field_ocfup12\"\/>\r\n    <div class=\"frm_description\" id=\"frm_desc_field_ocfup12\">Nachname<\/div>\r\n    \r\n<\/div>\n<div id=\"frm_field_8_container\" class=\"frm_form_field form-field  frm_required_field frm_top_container frm12 frm_first\">\r\n    <label for=\"field_29yf4d2\" id=\"field_29yf4d2_label\" class=\"frm_primary_label\">Email\r\n        <span class=\"frm_required\" aria-hidden=\"true\">*<\/span>\r\n    <\/label>\r\n    <input type=\"email\" id=\"field_29yf4d2\" name=\"item_meta[8]\" value=\"\"  data-reqmsg=\"Field cannot be blank.\" aria-required=\"true\" data-invmsg=\"Bitte geben Sie eine g\u00fcltige E-Mail Adresse ein\" aria-invalid=\"false\"  \/>\r\n    \r\n    \r\n<\/div>\n<div id=\"frm_field_16_container\" class=\"frm_form_field form-field  frm_top_container\">\r\n    <label for=\"field_aftmq\" id=\"field_aftmq_label\" class=\"frm_primary_label\">Personen\r\n        <span class=\"frm_required\" aria-hidden=\"true\"><\/span>\r\n    <\/label>\r\n    \t\t<select name=\"item_meta[16]\" id=\"field_aftmq\"  data-invmsg=\"Personen ist ung\u00fcltig\" aria-invalid=\"false\"  >\n\t\t<option  value=\"\" selected='selected'> <\/option><option  value=\"1\">1<\/option><option  value=\"2\">2<\/option><option  value=\"3\">3<\/option><option  value=\"4\">4<\/option><option  value=\"5\">5<\/option><option  value=\"6\">6<\/option><option  value=\"7\">7<\/option><option  value=\"8\">8<\/option><option  value=\"9\">9<\/option><option  value=\"10+\">10+<\/option>\t<\/select>\n\t\r\n    \r\n    \r\n<\/div>\n<div id=\"frm_field_17_container\" class=\"frm_form_field form-field  frm_top_container populate-posts type-tours\">\r\n    <label for=\"field_socqx\" id=\"field_socqx_label\" class=\"frm_primary_label\">Tour\r\n        <span class=\"frm_required\" aria-hidden=\"true\"><\/span>\r\n    <\/label>\r\n    \t\t<select name=\"item_meta[17]\" id=\"field_socqx\"  data-invmsg=\"Tour ist ung\u00fcltig\" aria-invalid=\"false\"  >\n\t\t<option  value=\"\" selected='selected'> <\/option><option  value=\"Auf den Spuren von Leonardo da Vinci in Florenz\">Auf den Spuren von Leonardo da Vinci in Florenz<\/option><option  value=\"Beste Medici-Villen und G\u00e4rten in der N\u00e4he von Florenz\">Beste Medici-Villen und G\u00e4rten in der N\u00e4he von Florenz<\/option><option  value=\"Das Judentum in Florenz mit David von Michelangelo und der Synagoge\">Das Judentum in Florenz mit David von Michelangelo und der Synagoge<\/option><option  value=\"Die dunkle Seite von Florenz: Eine mysteri\u00f6se und aufregende Stadtf\u00fchrung\">Die dunkle Seite von Florenz: Eine mysteri\u00f6se und aufregende Stadtf\u00fchrung<\/option><option  value=\"Florenz abseits der ausgetretenen Pfade\">Florenz abseits der ausgetretenen Pfade<\/option><option  value=\"Florenz Mode Privatf\u00fchrung\">Florenz Mode Privatf\u00fchrung<\/option><option  value=\"Florenz Stadtrundgang mit David private gef\u00fchrte Tour\">Florenz Stadtrundgang mit David private gef\u00fchrte Tour<\/option><option  value=\"Frauen in Florenz\">Frauen in Florenz<\/option><option  value=\"Medici-Familientour in Florenz\">Medici-Familientour in Florenz<\/option><option  value=\"Michelangelo in Florenz: eine gef\u00fchrte Tour mit David\">Michelangelo in Florenz: eine gef\u00fchrte Tour mit David<\/option><option  value=\"Palazzo Pitti und Boboli Garten: eine private gef\u00fchrte Tour\">Palazzo Pitti und Boboli Garten: eine private gef\u00fchrte Tour<\/option><option  value=\"Stressfreie Galerie der Uffizien Gef\u00fchrte Tour\">Stressfreie Galerie der Uffizien Gef\u00fchrte Tour<\/option>\t<\/select>\n\t\r\n    \r\n    \r\n<\/div>\n<div id=\"frm_field_18_container\" class=\"frm_form_field form-field  frm_top_container frm6 frm_first\">\r\n    <label for=\"field_uq199\" id=\"field_uq199_label\" class=\"frm_primary_label\">Datum\r\n        <span class=\"frm_required\" aria-hidden=\"true\"><\/span>\r\n    <\/label>\r\n    <input type=\"text\" id=\"field_uq199\" name=\"item_meta[18]\" value=\"\"  maxlength=\"10\" data-invmsg=\"Datum non \u00e8 valido\" class=\"frm_date\" aria-invalid=\"false\"  \/>\r\n    \r\n    \r\n<\/div>\n<div id=\"frm_field_19_container\" class=\"frm_form_field form-field  frm_top_container frm6\">\r\n    <div  id=\"field_rx6mu_label\" class=\"frm_primary_label\">Zeit\r\n        <span class=\"frm_required\" aria-hidden=\"true\"><\/span>\r\n    <\/div>\r\n    <div class=\"frm_time_wrap\"><span dir=\"ltr\">\r\n<select aria-label=\"Zeit ... Stunde\" name=\"item_meta[19][H]\" id=\"field_rx6mu_H\"  data-frmval=\"{&quot;H&quot;:&quot;&quot;,&quot;m&quot;:&quot;&quot;,&quot;A&quot;:&quot;&quot;,&quot;s&quot;:&quot;&quot;,&quot;ms&quot;:&quot;&quot;}\" data-invmsg=\"Zeit non \u00e8 valido\" class=\"auto_width frm_time_select\" aria-invalid=\"false\"  ><option value=\"\"  selected='selected'><\/option><option value=\"12\" >12<\/option><option value=\"1\" >1<\/option><option value=\"2\" >2<\/option><option value=\"3\" >3<\/option><option value=\"4\" >4<\/option><option value=\"5\" >5<\/option><option value=\"6\" >6<\/option><option value=\"7\" >7<\/option><option value=\"8\" >8<\/option><option value=\"9\" >9<\/option><option value=\"10\" >10<\/option><option value=\"11\" >11<\/option><\/select>\r\n<span class=\"frm_time_sep\" aria-hidden=\"true\">:<\/span>\r\n<select aria-label=\"Zeit ... Minute\" name=\"item_meta[19][m]\" id=\"field_rx6mu_m\"  data-frmval=\"{&quot;H&quot;:&quot;&quot;,&quot;m&quot;:&quot;&quot;,&quot;A&quot;:&quot;&quot;,&quot;s&quot;:&quot;&quot;,&quot;ms&quot;:&quot;&quot;}\" data-invmsg=\"Zeit non \u00e8 valido\" class=\"auto_width frm_time_select auto_width frm_time_select\" aria-invalid=\"false\"  ><option value=\"\"  selected='selected'><\/option><option value=\"00\" >00<\/option><option value=\"30\" >30<\/option><\/select>\r\n<\/span>\r\n<select aria-label=\"Zeit\" name=\"item_meta[19][A]\" id=\"field_rx6mu_A\"  data-frmval=\"{&quot;H&quot;:&quot;&quot;,&quot;m&quot;:&quot;&quot;,&quot;A&quot;:&quot;&quot;,&quot;s&quot;:&quot;&quot;,&quot;ms&quot;:&quot;&quot;}\" data-invmsg=\"Zeit non \u00e8 valido\" class=\"auto_width frm_time_select auto_width frm_time_select auto_width frm_time_select\" aria-invalid=\"false\"  ><option value=\"AM\" >AM<\/option><option value=\"PM\" >PM<\/option><\/select>\r\n<\/div>\r\n    \r\n    \r\n<\/div>\n<div id=\"frm_field_9_container\" class=\"frm_form_field form-field  frm_required_field frm_top_container frm12 frm_first\">\r\n    <label for=\"field_9jv0r12\" id=\"field_9jv0r12_label\" class=\"frm_primary_label\">Nachricht\r\n        <span class=\"frm_required\" aria-hidden=\"true\">*<\/span>\r\n    <\/label>\r\n    <textarea name=\"item_meta[9]\" id=\"field_9jv0r12\" rows=\"5\"  data-reqmsg=\"Das Feld darf nicht leer sein.\" aria-required=\"true\" data-invmsg=\"Ung\u00fcltiges Format\" aria-invalid=\"false\"  ><\/textarea>\r\n    \r\n    \r\n<\/div>\n<div id=\"frm_field_10_container\" class=\"frm_form_field form-field  frm_required_field frm_none_container vertical_radio\">\r\n    <div  id=\"field_tzmzw_label\" class=\"frm_primary_label\">Datenschutz\r\n        <span class=\"frm_required\" aria-hidden=\"true\">*<\/span>\r\n    <\/div>\r\n    <div class=\"frm_opt_container\" aria-labelledby=\"field_tzmzw_label\" role=\"group\">\t\t<div class=\"frm_checkbox\" id=\"frm_checkbox_10-0\">\t\t\t<label  for=\"field_tzmzw-0\">\n\t\t\t<input type=\"checkbox\" name=\"item_meta[10][]\" id=\"field_tzmzw-0\" value=\"Consent to &lt;a target=&quot;_blank&quot; href=&quot;https:\/\/www.iubenda.com\/privacy-policy\/53375727&quot;&gt;Privacy&lt;\/a&gt; *\"  data-reqmsg=\"Das Feld darf nicht leer sein.\" data-invmsg=\"Datenschutz ist ung\u00fcltig\" aria-invalid=\"false\"   aria-required=\"true\"  \/> Zustimmung zum <a target=\"_blank\" href=\"https:\/\/www.iubenda.com\/privacy-policy\/53375727\">Datenschutz<\/a> *<\/label><\/div>\n<\/div>\r\n    <div class=\"frm_description\" id=\"frm_desc_field_tzmzw\">Einwilligung gem\u00e4\u00df Art. 13 der Verordnung (EU) Nr. 2018\/679: In Ausf\u00fchrung des Informationsschreibens, das Bestimmungen zum Schutz von Personen und anderen Subjekten in Bezug auf die Verarbeitung personenbezogener Daten enth\u00e4lt, willigt der Antragsteller hiermit in die Verarbeitung seiner personenbezogenen Daten zum Zweck der Bearbeitung dieses Informationsantrags ein. In keinem Fall werden Ihre Daten an Dritte weitergegeben, aus welchem Grund auch immer.<\/div>\r\n    \r\n<\/div>\n<div id=\"frm_field_20_container\" class=\"frm_form_field form-field  frm_none_container\">\r\n    <label for=\"g-recaptcha-response\" id=\"field_occl8_label\" class=\"frm_primary_label\">Captcha\r\n        <span class=\"frm_required\" aria-hidden=\"true\"><\/span>\r\n    <\/label>\r\n    <div  id=\"field_occl8\" class=\"frm-g-recaptcha\" data-sitekey=\"6Ld1gn8sAAAAAPVCH0Dp2FeS9RbsHvcv8og8QAks\" data-size=\"invisible\" data-theme=\"light\"><\/div>\r\n    \r\n    \r\n<\/div>\n<div id=\"frm_field_31_container\" class=\"frm_form_field form-field \">\n\t<div class=\"frm_submit frm_flex\">\r\n<button class=\"frm_button_submit frm_final_submit\" type=\"submit\"   formnovalidate=\"formnovalidate\">Send<\/button>\r\n\r\n\r\n\r\n<\/div>\n<\/div>\n\t<input type=\"hidden\" name=\"item_key\" value=\"\" \/>\n\t\t\t\t<div class=\"frm__65f3027f7dc53\">\n\t\t\t\t<label for=\"frm_email_2\" >\n\t\t\t\t\tFalls Du menschlich bist, lasse dieses Feld leer.\t\t\t\t<\/label>\n\t\t\t\t<input  id=\"frm_email_2\" type=\"email\" class=\"frm_verify\" name=\"frm__65f3027f7dc53\" value=\"\"  \/>\n\t\t\t<\/div>\n\t\t<input name=\"frm_state\" type=\"hidden\" value=\"AKWhGo4bAfDYiO3bEmWkDXQe\/UP9xvOoEl5UzmkWRLiCF5wCqPamdRSyx\/AV39Wm\" \/><\/div>\n<\/fieldset>\n<\/div>\n\n<\/form>\n<\/div>\n\t\t\t\t<\/div>\n\t\t\t\t<\/div>\n\t\t\t\t\t<\/div>\n\t\t\t\t<\/div>\n\t\t\t\t<\/div>\n\t\t","protected":false},"excerpt":{"rendered":"<p>Sie k\u00f6nnen uns \u00fcber unsere Website kontaktieren, indem Sie das untenstehende Formular ausf\u00fcllen, oder indem Sie eine E-Mail an info@florencelocalguides.com schreiben oder uns anrufen (auch per Whatsapp): Federica +393334863446\u00a0\u2013 Valentina\u00a0+393358122007. Wenn Sie spezielle W\u00fcnsche oder Fragen haben, z\u00f6gern Sie nicht, uns zu kontaktieren, und wir werden Ihnen helfen, Ihre Tour individuell zu gestalten. Contacts Your&#8230;<\/p>\n","protected":false},"author":1,"featured_media":3338,"parent":0,"menu_order":24,"comment_status":"closed","ping_status":"closed","template":"","meta":{"_acf_changed":false,"footnotes":""},"categories":[],"tags":[],"class_list":["post-3343","page","type-page","status-publish","has-post-thumbnail","hentry"],"acf":[],"yoast_head":"<!-- This site is optimized with the Yoast SEO plugin v27.1.1 - https:\/\/yoast.com\/product\/yoast-seo-wordpress\/ -->\n<title>Kontakte - Floe - Florence Local Experts<\/title>\n<meta name=\"robots\" content=\"index, follow, max-snippet:-1, max-image-preview:large, max-video-preview:-1\" \/>\n<link rel=\"canonical\" href=\"https:\/\/florencelocalguides.com\/de\/kontakte\/\" \/>\n<meta property=\"og:locale\" content=\"de_DE\" \/>\n<meta property=\"og:type\" content=\"article\" \/>\n<meta property=\"og:title\" content=\"Kontakte - Floe - Florence Local Experts\" \/>\n<meta property=\"og:description\" content=\"Sie k\u00f6nnen uns \u00fcber unsere Website kontaktieren, indem Sie das untenstehende Formular ausf\u00fcllen, oder indem Sie eine E-Mail an info@florencelocalguides.com schreiben oder uns anrufen (auch per Whatsapp): Federica +393334863446\u00a0\u2013 Valentina\u00a0+393358122007. Wenn Sie spezielle W\u00fcnsche oder Fragen haben, z\u00f6gern Sie nicht, uns zu kontaktieren, und wir werden Ihnen helfen, Ihre Tour individuell zu gestalten. Contacts Your...\" \/>\n<meta property=\"og:url\" content=\"https:\/\/florencelocalguides.com\/de\/kontakte\/\" \/>\n<meta property=\"og:site_name\" content=\"Floe - Florence Local Experts\" \/>\n<meta property=\"article:modified_time\" content=\"2024-03-25T16:15:30+00:00\" \/>\n<meta property=\"og:image\" content=\"https:\/\/florencelocalguides.com\/wp-content\/uploads\/header\/spp2162.jpg\" \/>\n\t<meta property=\"og:image:width\" content=\"1920\" \/>\n\t<meta property=\"og:image:height\" content=\"1277\" \/>\n\t<meta property=\"og:image:type\" content=\"image\/jpeg\" \/>\n<meta name=\"twitter:card\" content=\"summary_large_image\" \/>\n<meta name=\"twitter:label1\" content=\"Gesch\u00e4tzte Lesezeit\" \/>\n\t<meta name=\"twitter:data1\" content=\"1\u00a0Minute\" \/>\n<!-- \/ Yoast SEO plugin. -->","yoast_head_json":{"title":"Kontakte - Floe - Florence Local Experts","robots":{"index":"index","follow":"follow","max-snippet":"max-snippet:-1","max-image-preview":"max-image-preview:large","max-video-preview":"max-video-preview:-1"},"canonical":"https:\/\/florencelocalguides.com\/de\/kontakte\/","og_locale":"de_DE","og_type":"article","og_title":"Kontakte - Floe - Florence Local Experts","og_description":"Sie k\u00f6nnen uns \u00fcber unsere Website kontaktieren, indem Sie das untenstehende Formular ausf\u00fcllen, oder indem Sie eine E-Mail an info@florencelocalguides.com schreiben oder uns anrufen (auch per Whatsapp): Federica +393334863446\u00a0\u2013 Valentina\u00a0+393358122007. Wenn Sie spezielle W\u00fcnsche oder Fragen haben, z\u00f6gern Sie nicht, uns zu kontaktieren, und wir werden Ihnen helfen, Ihre Tour individuell zu gestalten. Contacts Your...","og_url":"https:\/\/florencelocalguides.com\/de\/kontakte\/","og_site_name":"Floe - Florence Local Experts","article_modified_time":"2024-03-25T16:15:30+00:00","og_image":[{"width":1920,"height":1277,"url":"https:\/\/florencelocalguides.com\/wp-content\/uploads\/header\/spp2162.jpg","type":"image\/jpeg"}],"twitter_card":"summary_large_image","twitter_misc":{"Gesch\u00e4tzte Lesezeit":"1\u00a0Minute"},"schema":{"@context":"https:\/\/schema.org","@graph":[{"@type":"WebPage","@id":"https:\/\/florencelocalguides.com\/de\/kontakte\/","url":"https:\/\/florencelocalguides.com\/de\/kontakte\/","name":"Kontakte - Floe - Florence Local Experts","isPartOf":{"@id":"https:\/\/florencelocalguides.com\/de\/#website"},"primaryImageOfPage":{"@id":"https:\/\/florencelocalguides.com\/de\/kontakte\/#primaryimage"},"image":{"@id":"https:\/\/florencelocalguides.com\/de\/kontakte\/#primaryimage"},"thumbnailUrl":"https:\/\/florencelocalguides.com\/wp-content\/uploads\/header\/spp2162.jpg","datePublished":"2023-12-05T20:13:01+00:00","dateModified":"2024-03-25T16:15:30+00:00","breadcrumb":{"@id":"https:\/\/florencelocalguides.com\/de\/kontakte\/#breadcrumb"},"inLanguage":"de","potentialAction":[{"@type":"ReadAction","target":["https:\/\/florencelocalguides.com\/de\/kontakte\/"]}]},{"@type":"ImageObject","inLanguage":"de","@id":"https:\/\/florencelocalguides.com\/de\/kontakte\/#primaryimage","url":"https:\/\/florencelocalguides.com\/wp-content\/uploads\/header\/spp2162.jpg","contentUrl":"https:\/\/florencelocalguides.com\/wp-content\/uploads\/header\/spp2162.jpg","width":1920,"height":1277},{"@type":"BreadcrumbList","@id":"https:\/\/florencelocalguides.com\/de\/kontakte\/#breadcrumb","itemListElement":[{"@type":"ListItem","position":1,"name":"Home","item":"https:\/\/florencelocalguides.com\/de\/"},{"@type":"ListItem","position":2,"name":"Kontakte"}]},{"@type":"WebSite","@id":"https:\/\/florencelocalguides.com\/de\/#website","url":"https:\/\/florencelocalguides.com\/de\/","name":"Floe - Florence Local Experts","description":"","publisher":{"@id":"https:\/\/florencelocalguides.com\/de\/#organization"},"potentialAction":[{"@type":"SearchAction","target":{"@type":"EntryPoint","urlTemplate":"https:\/\/florencelocalguides.com\/de\/?s={search_term_string}"},"query-input":{"@type":"PropertyValueSpecification","valueRequired":true,"valueName":"search_term_string"}}],"inLanguage":"de"},{"@type":"Organization","@id":"https:\/\/florencelocalguides.com\/de\/#organization","name":"Floe - Florence Local Experts","url":"https:\/\/florencelocalguides.com\/de\/","logo":{"@type":"ImageObject","inLanguage":"de","@id":"https:\/\/florencelocalguides.com\/de\/#\/schema\/logo\/image\/","url":"https:\/\/florencelocalguides.com\/wp-content\/uploads\/logo\/logo-floe-ok.svg","contentUrl":"https:\/\/florencelocalguides.com\/wp-content\/uploads\/logo\/logo-floe-ok.svg","caption":"Floe - Florence Local Experts"},"image":{"@id":"https:\/\/florencelocalguides.com\/de\/#\/schema\/logo\/image\/"}}]}},"_links":{"self":[{"href":"https:\/\/florencelocalguides.com\/de\/wp-json\/wp\/v2\/pages\/3343","targetHints":{"allow":["GET"]}}],"collection":[{"href":"https:\/\/florencelocalguides.com\/de\/wp-json\/wp\/v2\/pages"}],"about":[{"href":"https:\/\/florencelocalguides.com\/de\/wp-json\/wp\/v2\/types\/page"}],"author":[{"embeddable":true,"href":"https:\/\/florencelocalguides.com\/de\/wp-json\/wp\/v2\/users\/1"}],"replies":[{"embeddable":true,"href":"https:\/\/florencelocalguides.com\/de\/wp-json\/wp\/v2\/comments?post=3343"}],"version-history":[{"count":6,"href":"https:\/\/florencelocalguides.com\/de\/wp-json\/wp\/v2\/pages\/3343\/revisions"}],"predecessor-version":[{"id":3467,"href":"https:\/\/florencelocalguides.com\/de\/wp-json\/wp\/v2\/pages\/3343\/revisions\/3467"}],"wp:featuredmedia":[{"embeddable":true,"href":"https:\/\/florencelocalguides.com\/de\/wp-json\/wp\/v2\/media\/3338"}],"wp:attachment":[{"href":"https:\/\/florencelocalguides.com\/de\/wp-json\/wp\/v2\/media?parent=3343"}],"wp:term":[{"taxonomy":"category","embeddable":true,"href":"https:\/\/florencelocalguides.com\/de\/wp-json\/wp\/v2\/categories?post=3343"},{"taxonomy":"post_tag","embeddable":true,"href":"https:\/\/florencelocalguides.com\/de\/wp-json\/wp\/v2\/tags?post=3343"}],"curies":[{"name":"wp","href":"https:\/\/api.w.org\/{rel}","templated":true}]}}