{"id":2676,"date":"2023-12-05T20:13:01","date_gmt":"2023-12-05T20:13:01","guid":{"rendered":"https:\/\/flg.dotflorence.com\/contacts\/"},"modified":"2024-03-25T16:15:29","modified_gmt":"2024-03-25T16:15:29","slug":"contacts","status":"publish","type":"page","link":"https:\/\/florencelocalguides.com\/fr\/contacts\/","title":{"rendered":"Contacts"},"content":{"rendered":"\t\t<div data-elementor-type=\"wp-page\" data-elementor-id=\"2676\" class=\"elementor elementor-2676 elementor-51\" data-elementor-post-type=\"page\">\n\t\t\t\t<div class=\"elementor-element elementor-element-5c58675c e-con-full e-flex e-con e-parent\" data-id=\"5c58675c\" data-element_type=\"container\" data-settings=\"{&quot;jet_parallax_layout_list&quot;:[]}\">\n\t\t\t\t<div data-dce-title-color=\"#FFFFFF\" data-dce-advanced-background-image-url=\"https:\/\/florencelocalguides.com\/wp-content\/uploads\/header\/spp2162.jpg\" class=\"elementor-element elementor-element-306298f3 elementor-invisible elementor-has-bg-overlay elementor-widget elementor-widget-heading\" data-id=\"306298f3\" data-element_type=\"widget\" data-settings=\"{&quot;_animation&quot;:&quot;fadeInDown&quot;}\" data-widget_type=\"heading.default\">\n\t\t\t\t<div class=\"elementor-widget-container\">\n\t\t\t\t\t<h1 class=\"elementor-heading-title elementor-size-default\">Contacts<\/h1>\t\t\t\t<\/div>\n\t\t\t\t<\/div>\n\t\t\t\t<\/div>\n\t\t<div class=\"elementor-element elementor-element-6b2b6474 e-flex e-con-boxed e-con e-parent\" data-id=\"6b2b6474\" data-element_type=\"container\" data-settings=\"{&quot;jet_parallax_layout_list&quot;:[]}\">\n\t\t\t\t\t<div class=\"e-con-inner\">\n\t\t\t\t<div class=\"elementor-element elementor-element-219596b elementor-widget elementor-widget-text-editor\" data-id=\"219596b\" data-element_type=\"widget\" data-widget_type=\"text-editor.default\">\n\t\t\t\t<div class=\"elementor-widget-container\">\n\t\t\t\t\t\t\t\t\t<p>Vous pouvez nous contacter via notre site web en remplissant le formulaire ci-dessous, ou en envoyant un courrier \u00e9lectronique \u00e0 l&rsquo;adresse suivante <a href=\"mailto:info@florencelocalguides.com\">info@florencelocalguides.com<\/a> ou par t\u00e9l\u00e9phone ( aussi sur Whatsapp): Federica <a href=\"tel:+393334863446\">+393334863446<\/a>\u00a0&#8211; Valentina\u00a0<a href=\"tel:+393358122007\">+393358122007<\/a>. Si vous avez des demandes sp\u00e9cifiques ou des questions, n&rsquo;h\u00e9sitez pas \u00e0 nous contacter et nous vous aiderons \u00e0 personnaliser votre visite.<\/p>\n\t\t\t\t\t\t\t\t<\/div>\n\t\t\t\t<\/div>\n\t\t\t\t<div class=\"elementor-element elementor-element-36602da elementor-widget elementor-widget-formidable\" data-id=\"36602da\" data-element_type=\"widget\" data-widget_type=\"formidable.default\">\n\t\t\t\t<div class=\"elementor-widget-container\">\n\t\t\t\t\t<div class=\"frm_forms  with_frm_style frm_style_stile-di-formidable-2\" id=\"frm_form_2_container\" >\n<form enctype=\"multipart\/form-data\" method=\"post\" class=\"frm-show-form  frm_ajax_submit  frm_pro_form \" id=\"form_contact-form2\" >\n<div class=\"frm_form_fields \">\n<fieldset>\n<legend class=\"frm_screen_reader\">Contacts<\/legend>\r\n\r\n<div class=\"frm_fields_container\">\n<input type=\"hidden\" name=\"frm_action\" value=\"create\" \/>\n<input type=\"hidden\" name=\"form_id\" value=\"2\" \/>\n<input type=\"hidden\" name=\"frm_hide_fields_2\" id=\"frm_hide_fields_2\" value=\"\" \/>\n<input type=\"hidden\" name=\"form_key\" value=\"contact-form2\" \/>\n<input type=\"hidden\" name=\"item_meta[0]\" value=\"\" \/>\n<input type=\"hidden\" id=\"frm_submit_entry_2\" name=\"frm_submit_entry_2\" value=\"1154aa18e7\" \/><input type=\"hidden\" name=\"_wp_http_referer\" value=\"\/fr\/wp-json\/wp\/v2\/pages\/2676\" \/><div id=\"frm_field_6_container\" class=\"frm_form_field form-field  frm_required_field frm_top_container frm_first frm_half\">\r\n    <label for=\"field_qh4icy2\" id=\"field_qh4icy2_label\" class=\"frm_primary_label\">Pr\u00e9nome\r\n        <span class=\"frm_required\" aria-hidden=\"true\">*<\/span>\r\n    <\/label>\r\n    <input type=\"text\" id=\"field_qh4icy2\" name=\"item_meta[6]\" value=\"\"  data-reqmsg=\"Le champ ne peut pas \u00eatre vide.\" aria-required=\"true\" data-invmsg=\"Pr\u00e9nome non \u00e8 valido\" aria-invalid=\"false\"   aria-describedby=\"frm_desc_field_qh4icy2\"\/>\r\n    <div class=\"frm_description\" id=\"frm_desc_field_qh4icy2\">Pr\u00e9nom<\/div>\r\n    \r\n<\/div>\n<div id=\"frm_field_7_container\" class=\"frm_form_field form-field  frm_required_field frm_hidden_container frm_half\">\r\n    <label for=\"field_ocfup12\" id=\"field_ocfup12_label\" class=\"frm_primary_label\">Nom\r\n        <span class=\"frm_required\" aria-hidden=\"true\">*<\/span>\r\n    <\/label>\r\n    <input type=\"text\" id=\"field_ocfup12\" name=\"item_meta[7]\" value=\"\"  data-reqmsg=\"Le champ ne peut pas \u00eatre vide.\" aria-required=\"true\" data-invmsg=\"Nom non \u00e8 valido\" aria-invalid=\"false\"   aria-describedby=\"frm_desc_field_ocfup12\"\/>\r\n    <div class=\"frm_description\" id=\"frm_desc_field_ocfup12\">Nom<\/div>\r\n    \r\n<\/div>\n<div id=\"frm_field_8_container\" class=\"frm_form_field form-field  frm_required_field frm_top_container frm12 frm_first\">\r\n    <label for=\"field_29yf4d2\" id=\"field_29yf4d2_label\" class=\"frm_primary_label\">Email\r\n        <span class=\"frm_required\" aria-hidden=\"true\">*<\/span>\r\n    <\/label>\r\n    <input type=\"email\" id=\"field_29yf4d2\" name=\"item_meta[8]\" value=\"\"  data-reqmsg=\"Field cannot be blank.\" aria-required=\"true\" data-invmsg=\"Veuillez saisir une adresse \u00e9lectronique valide\" aria-invalid=\"false\"  \/>\r\n    \r\n    \r\n<\/div>\n<div id=\"frm_field_16_container\" class=\"frm_form_field form-field  frm_top_container\">\r\n    <label for=\"field_aftmq\" id=\"field_aftmq_label\" class=\"frm_primary_label\">Personnes\r\n        <span class=\"frm_required\" aria-hidden=\"true\"><\/span>\r\n    <\/label>\r\n    \t\t<select name=\"item_meta[16]\" id=\"field_aftmq\"  data-invmsg=\"Personnes est non valide\" aria-invalid=\"false\"  >\n\t\t<option  value=\"\" selected='selected'> <\/option><option  value=\"1\">1<\/option><option  value=\"2\">2<\/option><option  value=\"3\">3<\/option><option  value=\"4\">4<\/option><option  value=\"5\">5<\/option><option  value=\"6\">6<\/option><option  value=\"7\">7<\/option><option  value=\"8\">8<\/option><option  value=\"9\">9<\/option><option  value=\"10+\">10+<\/option>\t<\/select>\n\t\r\n    \r\n    \r\n<\/div>\n<div id=\"frm_field_17_container\" class=\"frm_form_field form-field  frm_top_container populate-posts type-tours\">\r\n    <label for=\"field_socqx\" id=\"field_socqx_label\" class=\"frm_primary_label\">Tour\r\n        <span class=\"frm_required\" aria-hidden=\"true\"><\/span>\r\n    <\/label>\r\n    \t\t<select name=\"item_meta[17]\" id=\"field_socqx\"  data-invmsg=\"Tour est non valide\" aria-invalid=\"false\"  >\n\t\t<option  value=\"\" selected='selected'> <\/option><option  value=\"Femmes \u00e0 Florence\">Femmes \u00e0 Florence<\/option><option  value=\"Florence hors des sentiers battus\">Florence hors des sentiers battus<\/option><option  value=\"La Florence Juive avec le David de Michel-Ange et la synagogue.\">La Florence Juive avec le David de Michel-Ange et la synagogue.<\/option><option  value=\"Le c\u0153ur sombre de la ville: Visite myst\u00e9rieuse et passionnante de Florence\">Le c\u0153ur sombre de la ville: Visite myst\u00e9rieuse et passionnante de Florence<\/option><option  value=\"Les plus belles villas et jardins des M\u00e9dicis \u00e0 visiter pr\u00e8s de Florence\">Les plus belles villas et jardins des M\u00e9dicis \u00e0 visiter pr\u00e8s de Florence<\/option><option  value=\"Michel-Ange \u00e0 Florence: visite guid\u00e9e avec le David\">Michel-Ange \u00e0 Florence: visite guid\u00e9e avec le David<\/option><option  value=\"Tour de la Famille M\u00e9dicis \u00e0 Florence\">Tour de la Famille M\u00e9dicis \u00e0 Florence<\/option><option  value=\"Tour guid\u00e9e des Galerie des Offices sans stress\">Tour guid\u00e9e des Galerie des Offices sans stress<\/option><option  value=\"Tour priv\u00e9 de la mode \u00e0 Florence\">Tour priv\u00e9 de la mode \u00e0 Florence<\/option><option  value=\"Visite \u00e0 pied de Florence avec le David\">Visite \u00e0 pied de Florence avec le David<\/option><option  value=\"Visite guid\u00e9e priv\u00e9e du Palazzo Pitti et des Jardins de Boboli\">Visite guid\u00e9e priv\u00e9e du Palazzo Pitti et des Jardins de Boboli<\/option><option  value=\"Visite guid\u00e9e sur les traces de L\u00e9onard de Vinci\">Visite guid\u00e9e sur les traces de L\u00e9onard de Vinci<\/option>\t<\/select>\n\t\r\n    \r\n    \r\n<\/div>\n<div id=\"frm_field_18_container\" class=\"frm_form_field form-field  frm_top_container frm6 frm_first\">\r\n    <label for=\"field_uq199\" id=\"field_uq199_label\" class=\"frm_primary_label\">Date\r\n        <span class=\"frm_required\" aria-hidden=\"true\"><\/span>\r\n    <\/label>\r\n    <input type=\"text\" id=\"field_uq199\" name=\"item_meta[18]\" value=\"\"  maxlength=\"10\" data-invmsg=\"Date non \u00e8 valido\" class=\"frm_date\" aria-invalid=\"false\"  \/>\r\n    \r\n    \r\n<\/div>\n<div id=\"frm_field_19_container\" class=\"frm_form_field form-field  frm_top_container frm6\">\r\n    <div  id=\"field_rx6mu_label\" class=\"frm_primary_label\">Temps\r\n        <span class=\"frm_required\" aria-hidden=\"true\"><\/span>\r\n    <\/div>\r\n    <div class=\"frm_time_wrap\"><span dir=\"ltr\">\r\n<select aria-label=\"Temps ... heure\" name=\"item_meta[19][H]\" id=\"field_rx6mu_H\"  data-frmval=\"{&quot;H&quot;:&quot;&quot;,&quot;m&quot;:&quot;&quot;,&quot;A&quot;:&quot;&quot;,&quot;s&quot;:&quot;&quot;,&quot;ms&quot;:&quot;&quot;}\" data-invmsg=\"Temps non \u00e8 valido\" class=\"auto_width frm_time_select\" aria-invalid=\"false\"  ><option value=\"\"  selected='selected'><\/option><option value=\"12\" >12<\/option><option value=\"1\" >1<\/option><option value=\"2\" >2<\/option><option value=\"3\" >3<\/option><option value=\"4\" >4<\/option><option value=\"5\" >5<\/option><option value=\"6\" >6<\/option><option value=\"7\" >7<\/option><option value=\"8\" >8<\/option><option value=\"9\" >9<\/option><option value=\"10\" >10<\/option><option value=\"11\" >11<\/option><\/select>\r\n<span class=\"frm_time_sep\" aria-hidden=\"true\">:<\/span>\r\n<select aria-label=\"Temps ... minute\" name=\"item_meta[19][m]\" id=\"field_rx6mu_m\"  data-frmval=\"{&quot;H&quot;:&quot;&quot;,&quot;m&quot;:&quot;&quot;,&quot;A&quot;:&quot;&quot;,&quot;s&quot;:&quot;&quot;,&quot;ms&quot;:&quot;&quot;}\" data-invmsg=\"Temps non \u00e8 valido\" class=\"auto_width frm_time_select auto_width frm_time_select\" aria-invalid=\"false\"  ><option value=\"\"  selected='selected'><\/option><option value=\"00\" >00<\/option><option value=\"30\" >30<\/option><\/select>\r\n<\/span>\r\n<select aria-label=\"Temps\" name=\"item_meta[19][A]\" id=\"field_rx6mu_A\"  data-frmval=\"{&quot;H&quot;:&quot;&quot;,&quot;m&quot;:&quot;&quot;,&quot;A&quot;:&quot;&quot;,&quot;s&quot;:&quot;&quot;,&quot;ms&quot;:&quot;&quot;}\" data-invmsg=\"Temps non \u00e8 valido\" class=\"auto_width frm_time_select auto_width frm_time_select auto_width frm_time_select\" aria-invalid=\"false\"  ><option value=\"AM\" >AM<\/option><option value=\"PM\" >PM<\/option><\/select>\r\n<\/div>\r\n    \r\n    \r\n<\/div>\n<div id=\"frm_field_9_container\" class=\"frm_form_field form-field  frm_required_field frm_top_container frm12 frm_first\">\r\n    <label for=\"field_9jv0r12\" id=\"field_9jv0r12_label\" class=\"frm_primary_label\">Message\r\n        <span class=\"frm_required\" aria-hidden=\"true\">*<\/span>\r\n    <\/label>\r\n    <textarea name=\"item_meta[9]\" id=\"field_9jv0r12\" rows=\"5\"  data-reqmsg=\"Le champ ne peut pas \u00eatre vide.\" aria-required=\"true\" data-invmsg=\"Invalid format\" aria-invalid=\"false\"  ><\/textarea>\r\n    \r\n    \r\n<\/div>\n<div id=\"frm_field_10_container\" class=\"frm_form_field form-field  frm_required_field frm_none_container vertical_radio\">\r\n    <div  id=\"field_tzmzw_label\" class=\"frm_primary_label\">Confidentialit\u00e9\r\n        <span class=\"frm_required\" aria-hidden=\"true\">*<\/span>\r\n    <\/div>\r\n    <div class=\"frm_opt_container\" aria-labelledby=\"field_tzmzw_label\" role=\"group\">\t\t<div class=\"frm_checkbox\" id=\"frm_checkbox_10-0\">\t\t\t<label  for=\"field_tzmzw-0\">\n\t\t\t<input type=\"checkbox\" name=\"item_meta[10][]\" id=\"field_tzmzw-0\" value=\"Consent to &lt;a target=&quot;_blank&quot; href=&quot;https:\/\/www.iubenda.com\/privacy-policy\/53375727&quot;&gt;Privacy&lt;\/a&gt; *\"  data-reqmsg=\"Le champ ne peut pas \u00eatre vide.\" data-invmsg=\"Confidentialit\u00e9 est non valide\" aria-invalid=\"false\"   aria-required=\"true\"  \/> Consentement \u00e0 <a target=\"_blank\" href=\"https:\/\/www.iubenda.com\/privacy-policy\/53375727\">Confidentialit\u00e9<\/a> *<\/label><\/div>\n<\/div>\r\n    <div class=\"frm_description\" id=\"frm_desc_field_tzmzw\">Consentement conform\u00e9ment \u00e0 l'article 13 du r\u00e8glement (UE) n\u00b0 2018\/679 : En ex\u00e9cution de la notice d'information, contenant des dispositions relatives \u00e0 la protection des personnes et d'autres sujets \u00e0 l'\u00e9gard du traitement des donn\u00e9es \u00e0 caract\u00e8re personnel, le demandeur consent par la pr\u00e9sente au traitement de ses donn\u00e9es \u00e0 caract\u00e8re personnel, dans le but de traiter la pr\u00e9sente demande d'information. En aucun cas vos donn\u00e9es ne seront transf\u00e9r\u00e9es \u00e0 des tiers pour quelque raison que ce soit.<\/div>\r\n    \r\n<\/div>\n<div id=\"frm_field_20_container\" class=\"frm_form_field form-field  frm_none_container\">\r\n    <label for=\"g-recaptcha-response\" id=\"field_occl8_label\" class=\"frm_primary_label\">Captcha\r\n        <span class=\"frm_required\" aria-hidden=\"true\"><\/span>\r\n    <\/label>\r\n    <div  id=\"field_occl8\" class=\"frm-g-recaptcha\" data-sitekey=\"6Ld1gn8sAAAAAPVCH0Dp2FeS9RbsHvcv8og8QAks\" data-size=\"invisible\" data-theme=\"light\"><\/div>\r\n    \r\n    \r\n<\/div>\n<div id=\"frm_field_31_container\" class=\"frm_form_field form-field \">\n\t<div class=\"frm_submit frm_flex\">\r\n<button class=\"frm_button_submit frm_final_submit\" type=\"submit\"   formnovalidate=\"formnovalidate\">Send<\/button>\r\n\r\n\r\n\r\n<\/div>\n<\/div>\n\t<input type=\"hidden\" name=\"item_key\" value=\"\" \/>\n\t\t\t\t<div class=\"frm__65f3027f7dc53\">\n\t\t\t\t<label for=\"frm_email_2\" >\n\t\t\t\t\tSi vous \u00eates un humain, ne remplissez pas ce champ.\t\t\t\t<\/label>\n\t\t\t\t<input  id=\"frm_email_2\" type=\"email\" class=\"frm_verify\" name=\"frm__65f3027f7dc53\" value=\"\"  \/>\n\t\t\t<\/div>\n\t\t<input name=\"frm_state\" type=\"hidden\" value=\"AKWhGo4bAfDYiO3bEmWkDXKPZqmplrbAgU9HJUnA2k+CF5wCqPamdRSyx\/AV39Wm\" \/><\/div>\n<\/fieldset>\n<\/div>\n\n<\/form>\n<\/div>\n\t\t\t\t<\/div>\n\t\t\t\t<\/div>\n\t\t\t\t\t<\/div>\n\t\t\t\t<\/div>\n\t\t\t\t<\/div>\n\t\t","protected":false},"excerpt":{"rendered":"<p>Vous pouvez nous contacter via notre site web en remplissant le formulaire ci-dessous, ou en envoyant un courrier \u00e9lectronique \u00e0 l&rsquo;adresse suivante info@florencelocalguides.com ou par t\u00e9l\u00e9phone ( aussi sur Whatsapp): Federica +393334863446\u00a0&#8211; Valentina\u00a0+393358122007. Si vous avez des demandes sp\u00e9cifiques ou des questions, n&rsquo;h\u00e9sitez pas \u00e0 nous contacter et nous vous aiderons \u00e0 personnaliser votre visite&#8230;.<\/p>\n","protected":false},"author":1,"featured_media":2677,"parent":0,"menu_order":23,"comment_status":"closed","ping_status":"closed","template":"","meta":{"_acf_changed":false,"footnotes":""},"categories":[],"tags":[],"class_list":["post-2676","page","type-page","status-publish","has-post-thumbnail","hentry"],"acf":[],"yoast_head":"<!-- This site is optimized with the Yoast SEO plugin v27.1.1 - https:\/\/yoast.com\/product\/yoast-seo-wordpress\/ -->\n<title>Contacts - FloE Visites guid\u00e9es priv\u00e9es de Florence<\/title>\n<meta name=\"description\" content=\"Si vous avez des demandes sp\u00e9cifiques ou des questions, n\u2019h\u00e9sitez pas \u00e0 nous contacter et nous vous aiderons \u00e0 personnaliser votre visite\" \/>\n<meta name=\"robots\" content=\"index, follow, max-snippet:-1, max-image-preview:large, max-video-preview:-1\" \/>\n<link rel=\"canonical\" href=\"https:\/\/florencelocalguides.com\/fr\/contacts\/\" \/>\n<meta property=\"og:locale\" content=\"fr_FR\" \/>\n<meta property=\"og:type\" content=\"article\" \/>\n<meta property=\"og:title\" content=\"Contacts - FloE Visites guid\u00e9es priv\u00e9es de Florence\" \/>\n<meta property=\"og:description\" content=\"Si vous avez des demandes sp\u00e9cifiques ou des questions, n\u2019h\u00e9sitez pas \u00e0 nous contacter et nous vous aiderons \u00e0 personnaliser votre visite\" \/>\n<meta property=\"og:url\" content=\"https:\/\/florencelocalguides.com\/fr\/contacts\/\" \/>\n<meta property=\"og:site_name\" content=\"Floe - Florence Local Experts\" \/>\n<meta property=\"article:modified_time\" content=\"2024-03-25T16:15:29+00:00\" \/>\n<meta property=\"og:image\" content=\"https:\/\/florencelocalguides.com\/wp-content\/uploads\/header\/spp2162.jpg\" \/>\n\t<meta property=\"og:image:width\" content=\"1920\" \/>\n\t<meta property=\"og:image:height\" content=\"1277\" \/>\n\t<meta property=\"og:image:type\" content=\"image\/jpeg\" \/>\n<meta name=\"twitter:card\" content=\"summary_large_image\" \/>\n<meta name=\"twitter:label1\" content=\"Dur\u00e9e de lecture estim\u00e9e\" \/>\n\t<meta name=\"twitter:data1\" content=\"2 minutes\" \/>\n<!-- \/ Yoast SEO plugin. -->","yoast_head_json":{"title":"Contacts - FloE Visites guid\u00e9es priv\u00e9es de Florence","description":"Si vous avez des demandes sp\u00e9cifiques ou des questions, n\u2019h\u00e9sitez pas \u00e0 nous contacter et nous vous aiderons \u00e0 personnaliser votre visite","robots":{"index":"index","follow":"follow","max-snippet":"max-snippet:-1","max-image-preview":"max-image-preview:large","max-video-preview":"max-video-preview:-1"},"canonical":"https:\/\/florencelocalguides.com\/fr\/contacts\/","og_locale":"fr_FR","og_type":"article","og_title":"Contacts - FloE Visites guid\u00e9es priv\u00e9es de Florence","og_description":"Si vous avez des demandes sp\u00e9cifiques ou des questions, n\u2019h\u00e9sitez pas \u00e0 nous contacter et nous vous aiderons \u00e0 personnaliser votre visite","og_url":"https:\/\/florencelocalguides.com\/fr\/contacts\/","og_site_name":"Floe - Florence Local Experts","article_modified_time":"2024-03-25T16:15:29+00:00","og_image":[{"width":1920,"height":1277,"url":"https:\/\/florencelocalguides.com\/wp-content\/uploads\/header\/spp2162.jpg","type":"image\/jpeg"}],"twitter_card":"summary_large_image","twitter_misc":{"Dur\u00e9e de lecture estim\u00e9e":"2 minutes"},"schema":{"@context":"https:\/\/schema.org","@graph":[{"@type":"WebPage","@id":"https:\/\/florencelocalguides.com\/fr\/contacts\/","url":"https:\/\/florencelocalguides.com\/fr\/contacts\/","name":"Contacts - FloE Visites guid\u00e9es priv\u00e9es de Florence","isPartOf":{"@id":"https:\/\/florencelocalguides.com\/fr\/#website"},"primaryImageOfPage":{"@id":"https:\/\/florencelocalguides.com\/fr\/contacts\/#primaryimage"},"image":{"@id":"https:\/\/florencelocalguides.com\/fr\/contacts\/#primaryimage"},"thumbnailUrl":"https:\/\/florencelocalguides.com\/wp-content\/uploads\/header\/spp2162.jpg","datePublished":"2023-12-05T20:13:01+00:00","dateModified":"2024-03-25T16:15:29+00:00","description":"Si vous avez des demandes sp\u00e9cifiques ou des questions, n\u2019h\u00e9sitez pas \u00e0 nous contacter et nous vous aiderons \u00e0 personnaliser votre visite","breadcrumb":{"@id":"https:\/\/florencelocalguides.com\/fr\/contacts\/#breadcrumb"},"inLanguage":"fr-FR","potentialAction":[{"@type":"ReadAction","target":["https:\/\/florencelocalguides.com\/fr\/contacts\/"]}]},{"@type":"ImageObject","inLanguage":"fr-FR","@id":"https:\/\/florencelocalguides.com\/fr\/contacts\/#primaryimage","url":"https:\/\/florencelocalguides.com\/wp-content\/uploads\/header\/spp2162.jpg","contentUrl":"https:\/\/florencelocalguides.com\/wp-content\/uploads\/header\/spp2162.jpg","width":1920,"height":1277},{"@type":"BreadcrumbList","@id":"https:\/\/florencelocalguides.com\/fr\/contacts\/#breadcrumb","itemListElement":[{"@type":"ListItem","position":1,"name":"Home","item":"https:\/\/florencelocalguides.com\/fr\/"},{"@type":"ListItem","position":2,"name":"Contacts"}]},{"@type":"WebSite","@id":"https:\/\/florencelocalguides.com\/fr\/#website","url":"https:\/\/florencelocalguides.com\/fr\/","name":"Floe - Florence Local Experts","description":"","publisher":{"@id":"https:\/\/florencelocalguides.com\/fr\/#organization"},"potentialAction":[{"@type":"SearchAction","target":{"@type":"EntryPoint","urlTemplate":"https:\/\/florencelocalguides.com\/fr\/?s={search_term_string}"},"query-input":{"@type":"PropertyValueSpecification","valueRequired":true,"valueName":"search_term_string"}}],"inLanguage":"fr-FR"},{"@type":"Organization","@id":"https:\/\/florencelocalguides.com\/fr\/#organization","name":"Floe - Florence Local Experts","url":"https:\/\/florencelocalguides.com\/fr\/","logo":{"@type":"ImageObject","inLanguage":"fr-FR","@id":"https:\/\/florencelocalguides.com\/fr\/#\/schema\/logo\/image\/","url":"https:\/\/florencelocalguides.com\/wp-content\/uploads\/logo\/logo-floe-ok.svg","contentUrl":"https:\/\/florencelocalguides.com\/wp-content\/uploads\/logo\/logo-floe-ok.svg","caption":"Floe - Florence Local Experts"},"image":{"@id":"https:\/\/florencelocalguides.com\/fr\/#\/schema\/logo\/image\/"}}]}},"_links":{"self":[{"href":"https:\/\/florencelocalguides.com\/fr\/wp-json\/wp\/v2\/pages\/2676","targetHints":{"allow":["GET"]}}],"collection":[{"href":"https:\/\/florencelocalguides.com\/fr\/wp-json\/wp\/v2\/pages"}],"about":[{"href":"https:\/\/florencelocalguides.com\/fr\/wp-json\/wp\/v2\/types\/page"}],"author":[{"embeddable":true,"href":"https:\/\/florencelocalguides.com\/fr\/wp-json\/wp\/v2\/users\/1"}],"replies":[{"embeddable":true,"href":"https:\/\/florencelocalguides.com\/fr\/wp-json\/wp\/v2\/comments?post=2676"}],"version-history":[{"count":10,"href":"https:\/\/florencelocalguides.com\/fr\/wp-json\/wp\/v2\/pages\/2676\/revisions"}],"predecessor-version":[{"id":3466,"href":"https:\/\/florencelocalguides.com\/fr\/wp-json\/wp\/v2\/pages\/2676\/revisions\/3466"}],"wp:featuredmedia":[{"embeddable":true,"href":"https:\/\/florencelocalguides.com\/fr\/wp-json\/wp\/v2\/media\/2677"}],"wp:attachment":[{"href":"https:\/\/florencelocalguides.com\/fr\/wp-json\/wp\/v2\/media?parent=2676"}],"wp:term":[{"taxonomy":"category","embeddable":true,"href":"https:\/\/florencelocalguides.com\/fr\/wp-json\/wp\/v2\/categories?post=2676"},{"taxonomy":"post_tag","embeddable":true,"href":"https:\/\/florencelocalguides.com\/fr\/wp-json\/wp\/v2\/tags?post=2676"}],"curies":[{"name":"wp","href":"https:\/\/api.w.org\/{rel}","templated":true}]}}