{"id":2679,"date":"2023-12-07T16:35:45","date_gmt":"2023-12-07T16:35:45","guid":{"rendered":"https:\/\/flg.dotflorence.com\/galerie\/"},"modified":"2024-03-25T16:15:31","modified_gmt":"2024-03-25T16:15:31","slug":"galerie","status":"publish","type":"page","link":"https:\/\/florencelocalguides.com\/fr\/galerie\/","title":{"rendered":"Galerie"},"content":{"rendered":"\n<div style=\"height:50px\" aria-hidden=\"true\" class=\"wp-block-spacer\"><\/div>\n\n<script src=\"https:\/\/static.elfsight.com\/platform\/platform.js\" data-use-service-core=\"\" defer=\"defer\"><\/script>\r\n<div class=\"elfsight-app-23081eba-7806-426c-980f-0a9068623f09\" data-elfsight-app-lazy=\"\"><\/div>\r\n\n<div style=\"height:50px\" aria-hidden=\"true\" class=\"wp-block-spacer\"><\/div>\n","protected":false},"excerpt":{"rendered":"","protected":false},"author":1,"featured_media":2189,"parent":0,"menu_order":6,"comment_status":"closed","ping_status":"closed","template":"","meta":{"_acf_changed":false,"footnotes":""},"categories":[],"tags":[],"class_list":["post-2679","page","type-page","status-publish","has-post-thumbnail","hentry"],"acf":[],"yoast_head":"<!-- This site is optimized with the Yoast SEO plugin v27.1.1 - https:\/\/yoast.com\/product\/yoast-seo-wordpress\/ -->\n<title>Galerie - FloE Visites guid\u00e9es priv\u00e9es de Florence<\/title>\n<meta name=\"description\" content=\"Galerie de photos de nos visites guid\u00e9es priv\u00e9es \u00e0 Florence et en Toscane\" \/>\n<meta name=\"robots\" content=\"index, follow, max-snippet:-1, max-image-preview:large, max-video-preview:-1\" \/>\n<link rel=\"canonical\" href=\"https:\/\/florencelocalguides.com\/fr\/galerie\/\" \/>\n<meta property=\"og:locale\" content=\"fr_FR\" \/>\n<meta property=\"og:type\" content=\"article\" \/>\n<meta property=\"og:title\" content=\"Galerie - FloE Visites guid\u00e9es priv\u00e9es de Florence\" \/>\n<meta property=\"og:description\" content=\"Galerie de photos de nos visites guid\u00e9es priv\u00e9es \u00e0 Florence et en Toscane\" \/>\n<meta property=\"og:url\" content=\"https:\/\/florencelocalguides.com\/fr\/galerie\/\" \/>\n<meta property=\"og:site_name\" content=\"Floe - Florence Local Experts\" \/>\n<meta property=\"article:modified_time\" content=\"2024-03-25T16:15:31+00:00\" \/>\n<meta property=\"og:image\" content=\"https:\/\/florencelocalguides.com\/wp-content\/uploads\/walking-tour\/ponte-vecchio-vista.jpg\" \/>\n\t<meta property=\"og:image:width\" content=\"1920\" \/>\n\t<meta property=\"og:image:height\" content=\"1440\" \/>\n\t<meta property=\"og:image:type\" content=\"image\/jpeg\" \/>\n<meta name=\"twitter:card\" content=\"summary_large_image\" \/>\n<meta name=\"twitter:label1\" content=\"Dur\u00e9e de lecture estim\u00e9e\" \/>\n\t<meta name=\"twitter:data1\" content=\"1 minute\" \/>\n<!-- \/ Yoast SEO plugin. -->","yoast_head_json":{"title":"Galerie - FloE Visites guid\u00e9es priv\u00e9es de Florence","description":"Galerie de photos de nos visites guid\u00e9es priv\u00e9es \u00e0 Florence et en Toscane","robots":{"index":"index","follow":"follow","max-snippet":"max-snippet:-1","max-image-preview":"max-image-preview:large","max-video-preview":"max-video-preview:-1"},"canonical":"https:\/\/florencelocalguides.com\/fr\/galerie\/","og_locale":"fr_FR","og_type":"article","og_title":"Galerie - FloE Visites guid\u00e9es priv\u00e9es de Florence","og_description":"Galerie de photos de nos visites guid\u00e9es priv\u00e9es \u00e0 Florence et en Toscane","og_url":"https:\/\/florencelocalguides.com\/fr\/galerie\/","og_site_name":"Floe - Florence Local Experts","article_modified_time":"2024-03-25T16:15:31+00:00","og_image":[{"width":1920,"height":1440,"url":"https:\/\/florencelocalguides.com\/wp-content\/uploads\/walking-tour\/ponte-vecchio-vista.jpg","type":"image\/jpeg"}],"twitter_card":"summary_large_image","twitter_misc":{"Dur\u00e9e de lecture estim\u00e9e":"1 minute"},"schema":{"@context":"https:\/\/schema.org","@graph":[{"@type":"WebPage","@id":"https:\/\/florencelocalguides.com\/fr\/galerie\/","url":"https:\/\/florencelocalguides.com\/fr\/galerie\/","name":"Galerie - FloE Visites guid\u00e9es priv\u00e9es de Florence","isPartOf":{"@id":"https:\/\/florencelocalguides.com\/fr\/#website"},"primaryImageOfPage":{"@id":"https:\/\/florencelocalguides.com\/fr\/galerie\/#primaryimage"},"image":{"@id":"https:\/\/florencelocalguides.com\/fr\/galerie\/#primaryimage"},"thumbnailUrl":"https:\/\/florencelocalguides.com\/wp-content\/uploads\/walking-tour\/ponte-vecchio-vista.jpg","datePublished":"2023-12-07T16:35:45+00:00","dateModified":"2024-03-25T16:15:31+00:00","description":"Galerie de photos de nos visites guid\u00e9es priv\u00e9es \u00e0 Florence et en Toscane","breadcrumb":{"@id":"https:\/\/florencelocalguides.com\/fr\/galerie\/#breadcrumb"},"inLanguage":"fr-FR","potentialAction":[{"@type":"ReadAction","target":["https:\/\/florencelocalguides.com\/fr\/galerie\/"]}]},{"@type":"ImageObject","inLanguage":"fr-FR","@id":"https:\/\/florencelocalguides.com\/fr\/galerie\/#primaryimage","url":"https:\/\/florencelocalguides.com\/wp-content\/uploads\/walking-tour\/ponte-vecchio-vista.jpg","contentUrl":"https:\/\/florencelocalguides.com\/wp-content\/uploads\/walking-tour\/ponte-vecchio-vista.jpg","width":1920,"height":1440},{"@type":"BreadcrumbList","@id":"https:\/\/florencelocalguides.com\/fr\/galerie\/#breadcrumb","itemListElement":[{"@type":"ListItem","position":1,"name":"Home","item":"https:\/\/florencelocalguides.com\/fr\/"},{"@type":"ListItem","position":2,"name":"Galerie"}]},{"@type":"WebSite","@id":"https:\/\/florencelocalguides.com\/fr\/#website","url":"https:\/\/florencelocalguides.com\/fr\/","name":"Floe - Florence Local Experts","description":"","publisher":{"@id":"https:\/\/florencelocalguides.com\/fr\/#organization"},"potentialAction":[{"@type":"SearchAction","target":{"@type":"EntryPoint","urlTemplate":"https:\/\/florencelocalguides.com\/fr\/?s={search_term_string}"},"query-input":{"@type":"PropertyValueSpecification","valueRequired":true,"valueName":"search_term_string"}}],"inLanguage":"fr-FR"},{"@type":"Organization","@id":"https:\/\/florencelocalguides.com\/fr\/#organization","name":"Floe - Florence Local Experts","url":"https:\/\/florencelocalguides.com\/fr\/","logo":{"@type":"ImageObject","inLanguage":"fr-FR","@id":"https:\/\/florencelocalguides.com\/fr\/#\/schema\/logo\/image\/","url":"https:\/\/florencelocalguides.com\/wp-content\/uploads\/logo\/logo-floe-ok.svg","contentUrl":"https:\/\/florencelocalguides.com\/wp-content\/uploads\/logo\/logo-floe-ok.svg","caption":"Floe - Florence Local Experts"},"image":{"@id":"https:\/\/florencelocalguides.com\/fr\/#\/schema\/logo\/image\/"}}]}},"_links":{"self":[{"href":"https:\/\/florencelocalguides.com\/fr\/wp-json\/wp\/v2\/pages\/2679","targetHints":{"allow":["GET"]}}],"collection":[{"href":"https:\/\/florencelocalguides.com\/fr\/wp-json\/wp\/v2\/pages"}],"about":[{"href":"https:\/\/florencelocalguides.com\/fr\/wp-json\/wp\/v2\/types\/page"}],"author":[{"embeddable":true,"href":"https:\/\/florencelocalguides.com\/fr\/wp-json\/wp\/v2\/users\/1"}],"replies":[{"embeddable":true,"href":"https:\/\/florencelocalguides.com\/fr\/wp-json\/wp\/v2\/comments?post=2679"}],"version-history":[{"count":2,"href":"https:\/\/florencelocalguides.com\/fr\/wp-json\/wp\/v2\/pages\/2679\/revisions"}],"predecessor-version":[{"id":3175,"href":"https:\/\/florencelocalguides.com\/fr\/wp-json\/wp\/v2\/pages\/2679\/revisions\/3175"}],"wp:featuredmedia":[{"embeddable":true,"href":"https:\/\/florencelocalguides.com\/fr\/wp-json\/wp\/v2\/media\/2189"}],"wp:attachment":[{"href":"https:\/\/florencelocalguides.com\/fr\/wp-json\/wp\/v2\/media?parent=2679"}],"wp:term":[{"taxonomy":"category","embeddable":true,"href":"https:\/\/florencelocalguides.com\/fr\/wp-json\/wp\/v2\/categories?post=2679"},{"taxonomy":"post_tag","embeddable":true,"href":"https:\/\/florencelocalguides.com\/fr\/wp-json\/wp\/v2\/tags?post=2679"}],"curies":[{"name":"wp","href":"https:\/\/api.w.org\/{rel}","templated":true}]}}