{"id":2709,"date":"2023-12-07T15:47:19","date_gmt":"2023-12-07T15:47:19","guid":{"rendered":"https:\/\/flg.dotflorence.com\/valentina-longo\/"},"modified":"2024-03-19T12:57:36","modified_gmt":"2024-03-19T12:57:36","slug":"valentina-longo","status":"publish","type":"page","link":"https:\/\/florencelocalguides.com\/fr\/qui-sommes-nous\/valentina-longo\/","title":{"rendered":"Valentina Longo"},"content":{"rendered":"\n<div style=\"height:50px\" aria-hidden=\"true\" class=\"wp-block-spacer\"><\/div>\n\n\n<h1 class=\"has-text-align-center wp-block-post-title\">Valentina Longo<\/h1>\n\n\n<h3 class=\"wp-block-heading has-text-align-center\">Une vraie Florentine amoureuse de sa ville natale<\/h3>\n\n\n<figure style=\"width:500px;\" class=\"aligncenter wp-block-post-featured-image\"><img fetchpriority=\"high\" decoding=\"async\" width=\"1920\" height=\"1282\" src=\"https:\/\/florencelocalguides.com\/wp-content\/uploads\/dsc02614.jpg\" class=\"attachment-post-thumbnail size-post-thumbnail wp-post-image\" alt=\"\" style=\"object-fit:cover;\" srcset=\"https:\/\/florencelocalguides.com\/wp-content\/uploads\/dsc02614.jpg 1920w, https:\/\/florencelocalguides.com\/wp-content\/uploads\/dsc02614-300x200.jpg 300w, https:\/\/florencelocalguides.com\/wp-content\/uploads\/dsc02614-1024x684.jpg 1024w, https:\/\/florencelocalguides.com\/wp-content\/uploads\/dsc02614-768x513.jpg 768w, https:\/\/florencelocalguides.com\/wp-content\/uploads\/dsc02614-1536x1026.jpg 1536w\" sizes=\"(max-width: 1920px) 100vw, 1920px\" \/><\/figure>\n\n\n<div style=\"height:30px\" aria-hidden=\"true\" class=\"wp-block-spacer\"><\/div>\n\n\n\n<p><span style=\"font-weight: 400;\">Je suis n\u00e9e et j&rsquo;ai grandi \u00e0 Florence, et je ne changerais de ville contre aucune autre au monde. Vous aimeriez pouvoir d\u00e9couvrir cette ville avec une vraie Florentine? Alors je suis la personne qu\u2019il vous faut.<\/span><\/p>\n\n\n\n<p>Enfant, je parcourais d\u00e9j\u00e0 les rues de Florence avec ma m\u00e8re. Elle m\u2019en racontait toutes les histoires et me montrait toutes les beaut\u00e9s qu\u2019elles recelaient.<\/p>\n\n\n\n<p><span style=\"font-weight: 400;\">C&rsquo;est ainsi que j&rsquo;ai \u00e9t\u00e9 en contact avec <strong><a href=\"https:\/\/florencelocalguides.com\/fr\/tours\/michel-ange-a-florence-et-le-david-visite-guidee\/\">Michel-Ange<\/a><\/strong>, <strong>Brunelleschi<\/strong>, les <a href=\"https:\/\/florencelocalguides.com\/fr\/tours\/les-medicis\/\"><strong>M\u00e9dicis<\/strong><\/a> et tous les personnages qui font la c\u00e9l\u00e9brit\u00e9 de Florence dans le monde entier.<\/span><\/p>\n\n\n\n<h2 class=\"wp-block-heading\"><span style=\"font-weight: 400;\">J&rsquo;ai \u00e9tudi\u00e9 les langues et je parle Anglais, Fran\u00e7ais et Espagnol.<\/span><\/h2>\n\n\n\n<p><span style=\"font-weight: 400;\">Apr\u00e8s avoir pass\u00e9 un an en Australie pour am\u00e9liorer mes comp\u00e9tences en anglais, je suis revenue \u00e0 Florence et j&rsquo;ai d\u00e9cid\u00e9 de passer l&rsquo;examen pour devenir guide touristique.<\/span><\/p>\n\n\n\n<p>J&rsquo;adore voyager et j&rsquo;ai visit\u00e9 de nombreux pays dans le monde. Voyageuse, moi-m\u00eame, quand je vais dans d&rsquo;autres pays j&rsquo;aime vivre les endroits comme le font les locaux, et je pense que c&rsquo;est ce que souhaitent aussi tous ceux qui viennent \u00e0 Florence.<\/p>\n\n\n\n<p>Le th\u00e9\u00e2tre est une autre de mes passions; j&rsquo;ai commenc\u00e9 \u00e0 l&rsquo;\u00e2ge de 15 ans et encore aujourd&rsquo;hui je fais partie d&rsquo;une compagnie locale.<\/p>\n\n\n\n<p><span style=\"font-weight: 400;\">J&rsquo;ai \u00e9tudi\u00e9 le th\u00e9\u00e2tre \u00e0 l&rsquo;Universit\u00e9 de Bologne et je suis dipl\u00f4m\u00e9e du \u00ab\u00a0<strong>Laboratorio nove<\/strong>\u00ab\u00a0, la plus importante \u00e9cole d&rsquo;art dramatique de Florence.<\/span><\/p>\n\n\n\n<p>Le th\u00e9\u00e2tre m&rsquo;a aid\u00e9e \u00e0 donner une touche diff\u00e9rente \u00e0 l\u2019organisation de mes visites : pas une simple pr\u00e9sentation de connaissances mais un peu de divertissement et de plaisir tout en apprenant davantage sur l&rsquo;histoire et l&rsquo;art.<\/p>\n\n\n\n<p>Les visites que j&rsquo;aime guider sont nombreuses, mais si je devais choisir, je choisirais sans h\u00e9sitation la visite sur la famille <a href=\"https:\/\/florencelocalguides.com\/fr\/tours\/les-medicis\/\"><strong>M\u00e9dicis<\/strong><\/a> et celle du <strong><a href=\"https:\/\/florencelocalguides.com\/fr\/tours\/le-coeur-sombre-de-florence-une-visite-mysterieuse-et-passionnante-a-pied\/\">C\u0153ur sombre de Florence<\/a><\/strong>. Vous ne sauriez imaginer combien de choses folles se sont produites dans ma ville bien-aim\u00e9e!<\/p>\n\n\n\n<p>Je fais des visites guid\u00e9es depuis 2010. J&rsquo;adore ce m\u00e9tier, il me donne la possibilit\u00e9 de rencontrer des gens du monde entier, d&rsquo;\u00eatre en contact avec de nombreuses cultures diff\u00e9rentes, et cela m&rsquo;enrichit chaque jour. <\/p>\n\n\n\n<h3 class=\"wp-block-heading\">\u00ab\u00a0Aimez votre travail et vous ne travaillerez jamais un jour de votre vie.\u00a0\u00bb Confucius.<\/h3>\n\n\n\n<div style=\"height:50px\" aria-hidden=\"true\" class=\"wp-block-spacer\"><\/div>\n","protected":false},"excerpt":{"rendered":"<p>Je suis n\u00e9e et j&rsquo;ai grandi \u00e0 Florence, et je ne changerais de ville contre aucune autre au monde. Vous aimeriez pouvoir d\u00e9couvrir cette ville avec une vraie Florentine? Alors je suis la personne qu\u2019il vous faut.<\/p>\n","protected":false},"author":1,"featured_media":3910,"parent":2717,"menu_order":14,"comment_status":"closed","ping_status":"closed","template":"","meta":{"_acf_changed":false,"footnotes":""},"categories":[],"tags":[],"class_list":["post-2709","page","type-page","status-publish","has-post-thumbnail","hentry"],"acf":[],"yoast_head":"<!-- This site is optimized with the Yoast SEO plugin v27.1.1 - https:\/\/yoast.com\/product\/yoast-seo-wordpress\/ -->\n<title>Valentina Longo Guide expert priv\u00e9 de Florence - Floe - Florence Local Experts<\/title>\n<meta name=\"description\" content=\"Je suis n\u00e9e et j&#039;ai grandi \u00e0 Florence, et je ne changerais de ville contre aucune autre au monde. D\u00e9couvrez la ville avec un vrai guide local.\" \/>\n<meta name=\"robots\" content=\"index, follow, max-snippet:-1, max-image-preview:large, max-video-preview:-1\" \/>\n<link rel=\"canonical\" href=\"https:\/\/florencelocalguides.com\/fr\/qui-sommes-nous\/valentina-longo\/\" \/>\n<meta property=\"og:locale\" content=\"fr_FR\" \/>\n<meta property=\"og:type\" content=\"article\" \/>\n<meta property=\"og:title\" content=\"Valentina Longo Guide expert priv\u00e9 de Florence - Floe - Florence Local Experts\" \/>\n<meta property=\"og:description\" content=\"Je suis n\u00e9e et j&#039;ai grandi \u00e0 Florence, et je ne changerais de ville contre aucune autre au monde. D\u00e9couvrez la ville avec un vrai guide local.\" \/>\n<meta property=\"og:url\" content=\"https:\/\/florencelocalguides.com\/fr\/qui-sommes-nous\/valentina-longo\/\" \/>\n<meta property=\"og:site_name\" content=\"Floe - Florence Local Experts\" \/>\n<meta property=\"article:modified_time\" content=\"2024-03-19T12:57:36+00:00\" \/>\n<meta property=\"og:image\" content=\"https:\/\/florencelocalguides.com\/wp-content\/uploads\/header\/spp1440.jpg\" \/>\n\t<meta property=\"og:image:width\" content=\"1920\" \/>\n\t<meta property=\"og:image:height\" content=\"1278\" \/>\n\t<meta property=\"og:image:type\" content=\"image\/jpeg\" \/>\n<meta name=\"twitter:card\" content=\"summary_large_image\" \/>\n<meta name=\"twitter:label1\" content=\"Dur\u00e9e de lecture estim\u00e9e\" \/>\n\t<meta name=\"twitter:data1\" content=\"3 minutes\" \/>\n<!-- \/ Yoast SEO plugin. -->","yoast_head_json":{"title":"Valentina Longo Guide expert priv\u00e9 de Florence - Floe - Florence Local Experts","description":"Je suis n\u00e9e et j'ai grandi \u00e0 Florence, et je ne changerais de ville contre aucune autre au monde. D\u00e9couvrez la ville avec un vrai guide local.","robots":{"index":"index","follow":"follow","max-snippet":"max-snippet:-1","max-image-preview":"max-image-preview:large","max-video-preview":"max-video-preview:-1"},"canonical":"https:\/\/florencelocalguides.com\/fr\/qui-sommes-nous\/valentina-longo\/","og_locale":"fr_FR","og_type":"article","og_title":"Valentina Longo Guide expert priv\u00e9 de Florence - Floe - Florence Local Experts","og_description":"Je suis n\u00e9e et j'ai grandi \u00e0 Florence, et je ne changerais de ville contre aucune autre au monde. D\u00e9couvrez la ville avec un vrai guide local.","og_url":"https:\/\/florencelocalguides.com\/fr\/qui-sommes-nous\/valentina-longo\/","og_site_name":"Floe - Florence Local Experts","article_modified_time":"2024-03-19T12:57:36+00:00","og_image":[{"width":1920,"height":1278,"url":"https:\/\/florencelocalguides.com\/wp-content\/uploads\/header\/spp1440.jpg","type":"image\/jpeg"}],"twitter_card":"summary_large_image","twitter_misc":{"Dur\u00e9e de lecture estim\u00e9e":"3 minutes"},"schema":{"@context":"https:\/\/schema.org","@graph":[{"@type":"WebPage","@id":"https:\/\/florencelocalguides.com\/fr\/qui-sommes-nous\/valentina-longo\/","url":"https:\/\/florencelocalguides.com\/fr\/qui-sommes-nous\/valentina-longo\/","name":"Valentina Longo Guide expert priv\u00e9 de Florence - Floe - Florence Local Experts","isPartOf":{"@id":"https:\/\/florencelocalguides.com\/fr\/#website"},"primaryImageOfPage":{"@id":"https:\/\/florencelocalguides.com\/fr\/qui-sommes-nous\/valentina-longo\/#primaryimage"},"image":{"@id":"https:\/\/florencelocalguides.com\/fr\/qui-sommes-nous\/valentina-longo\/#primaryimage"},"thumbnailUrl":"https:\/\/florencelocalguides.com\/wp-content\/uploads\/dsc02614.jpg","datePublished":"2023-12-07T15:47:19+00:00","dateModified":"2024-03-19T12:57:36+00:00","description":"Je suis n\u00e9e et j'ai grandi \u00e0 Florence, et je ne changerais de ville contre aucune autre au monde. D\u00e9couvrez la ville avec un vrai guide local.","breadcrumb":{"@id":"https:\/\/florencelocalguides.com\/fr\/qui-sommes-nous\/valentina-longo\/#breadcrumb"},"inLanguage":"fr-FR","potentialAction":[{"@type":"ReadAction","target":["https:\/\/florencelocalguides.com\/fr\/qui-sommes-nous\/valentina-longo\/"]}]},{"@type":"ImageObject","inLanguage":"fr-FR","@id":"https:\/\/florencelocalguides.com\/fr\/qui-sommes-nous\/valentina-longo\/#primaryimage","url":"https:\/\/florencelocalguides.com\/wp-content\/uploads\/dsc02614.jpg","contentUrl":"https:\/\/florencelocalguides.com\/wp-content\/uploads\/dsc02614.jpg","width":1920,"height":1282},{"@type":"BreadcrumbList","@id":"https:\/\/florencelocalguides.com\/fr\/qui-sommes-nous\/valentina-longo\/#breadcrumb","itemListElement":[{"@type":"ListItem","position":1,"name":"Home","item":"https:\/\/florencelocalguides.com\/fr\/"},{"@type":"ListItem","position":2,"name":"Qui sommes-nous?","item":"https:\/\/florencelocalguides.com\/fr\/qui-sommes-nous\/"},{"@type":"ListItem","position":3,"name":"Valentina Longo"}]},{"@type":"WebSite","@id":"https:\/\/florencelocalguides.com\/fr\/#website","url":"https:\/\/florencelocalguides.com\/fr\/","name":"Floe - Florence Local Experts","description":"","publisher":{"@id":"https:\/\/florencelocalguides.com\/fr\/#organization"},"potentialAction":[{"@type":"SearchAction","target":{"@type":"EntryPoint","urlTemplate":"https:\/\/florencelocalguides.com\/fr\/?s={search_term_string}"},"query-input":{"@type":"PropertyValueSpecification","valueRequired":true,"valueName":"search_term_string"}}],"inLanguage":"fr-FR"},{"@type":"Organization","@id":"https:\/\/florencelocalguides.com\/fr\/#organization","name":"Floe - Florence Local Experts","url":"https:\/\/florencelocalguides.com\/fr\/","logo":{"@type":"ImageObject","inLanguage":"fr-FR","@id":"https:\/\/florencelocalguides.com\/fr\/#\/schema\/logo\/image\/","url":"https:\/\/florencelocalguides.com\/wp-content\/uploads\/logo\/logo-floe-ok.svg","contentUrl":"https:\/\/florencelocalguides.com\/wp-content\/uploads\/logo\/logo-floe-ok.svg","caption":"Floe - Florence Local Experts"},"image":{"@id":"https:\/\/florencelocalguides.com\/fr\/#\/schema\/logo\/image\/"}}]}},"_links":{"self":[{"href":"https:\/\/florencelocalguides.com\/fr\/wp-json\/wp\/v2\/pages\/2709","targetHints":{"allow":["GET"]}}],"collection":[{"href":"https:\/\/florencelocalguides.com\/fr\/wp-json\/wp\/v2\/pages"}],"about":[{"href":"https:\/\/florencelocalguides.com\/fr\/wp-json\/wp\/v2\/types\/page"}],"author":[{"embeddable":true,"href":"https:\/\/florencelocalguides.com\/fr\/wp-json\/wp\/v2\/users\/1"}],"replies":[{"embeddable":true,"href":"https:\/\/florencelocalguides.com\/fr\/wp-json\/wp\/v2\/comments?post=2709"}],"version-history":[{"count":5,"href":"https:\/\/florencelocalguides.com\/fr\/wp-json\/wp\/v2\/pages\/2709\/revisions"}],"predecessor-version":[{"id":3269,"href":"https:\/\/florencelocalguides.com\/fr\/wp-json\/wp\/v2\/pages\/2709\/revisions\/3269"}],"up":[{"embeddable":true,"href":"https:\/\/florencelocalguides.com\/fr\/wp-json\/wp\/v2\/pages\/2717"}],"wp:featuredmedia":[{"embeddable":true,"href":"https:\/\/florencelocalguides.com\/fr\/wp-json\/wp\/v2\/media\/3910"}],"wp:attachment":[{"href":"https:\/\/florencelocalguides.com\/fr\/wp-json\/wp\/v2\/media?parent=2709"}],"wp:term":[{"taxonomy":"category","embeddable":true,"href":"https:\/\/florencelocalguides.com\/fr\/wp-json\/wp\/v2\/categories?post=2709"},{"taxonomy":"post_tag","embeddable":true,"href":"https:\/\/florencelocalguides.com\/fr\/wp-json\/wp\/v2\/tags?post=2709"}],"curies":[{"name":"wp","href":"https:\/\/api.w.org\/{rel}","templated":true}]}}