{"id":2712,"date":"2023-12-07T15:46:00","date_gmt":"2023-12-07T15:46:00","guid":{"rendered":"https:\/\/flg.dotflorence.com\/federica-bustreo\/"},"modified":"2025-06-13T19:50:06","modified_gmt":"2025-06-13T19:50:06","slug":"federica-bustreo","status":"publish","type":"page","link":"https:\/\/florencelocalguides.com\/fr\/qui-sommes-nous\/federica-bustreo\/","title":{"rendered":"Federica Bustreo"},"content":{"rendered":"\n<div style=\"height:50px\" aria-hidden=\"true\" class=\"wp-block-spacer\"><\/div>\n<h1 class=\"has-text-align-center wp-block-post-title\">Federica Bustreo<\/h1>\n<h3 class=\"wp-block-heading has-text-align-center\">historienne de l&rsquo;art amoureuse des animaux<\/h3>\n<figure style=\"width:500px;\" class=\"aligncenter wp-block-post-featured-image\"><img fetchpriority=\"high\" decoding=\"async\" width=\"1920\" height=\"1282\" src=\"https:\/\/florencelocalguides.com\/wp-content\/uploads\/dsc02629.jpg\" class=\"attachment-post-thumbnail size-post-thumbnail wp-post-image\" alt=\"\" style=\"object-fit:cover;\" srcset=\"https:\/\/florencelocalguides.com\/wp-content\/uploads\/dsc02629.jpg 1920w, https:\/\/florencelocalguides.com\/wp-content\/uploads\/dsc02629-300x200.jpg 300w, https:\/\/florencelocalguides.com\/wp-content\/uploads\/dsc02629-1024x684.jpg 1024w, https:\/\/florencelocalguides.com\/wp-content\/uploads\/dsc02629-768x513.jpg 768w, https:\/\/florencelocalguides.com\/wp-content\/uploads\/dsc02629-1536x1026.jpg 1536w\" sizes=\"(max-width: 1920px) 100vw, 1920px\" \/><\/figure>\n<div style=\"height:30px\" aria-hidden=\"true\" class=\"wp-block-spacer\"><\/div>\n\n<p>Je suis n\u00e9e et j\u2019ai grandi dans le nord de l&rsquo;Italie et je me souviens encore de la premi\u00e8re fois o\u00f9 je suis venue \u00e0 Florence: j&rsquo;avais 17 ans et j\u2019 \u00e9tais fascin\u00e9e par tout ce qui touchait \u00e0 l&rsquo;art.<br\/>\u00c0 peine arriv\u00e9e dans la ville, je compris que c&rsquo;\u00e9tait l&rsquo;endroit o\u00f9 je devais vivre. Mon r\u00eave a fini par se r\u00e9aliser quelques ann\u00e9es plus tard!<\/p>\n\n<p><span style=\"font-weight: 400;\">Apr\u00e8s avoir \u00e9tudi\u00e9 les langues au lyc\u00e9e de Padoue, ma ville natale, j&rsquo;ai d\u00e9m\u00e9nag\u00e9 en Allemagne pour perfectionner mes comp\u00e9tences linguistiques. Ce fut une excellente occasion de rencontrer de jeunes \u00e9tudiants du monde entier, d&rsquo;\u00eatre compl\u00e8tement ind\u00e9pendante pour la toute premi\u00e8re fois et d\u2019entrer dans le monde des adultes. J&rsquo;ai pass\u00e9 un an en Allemagne et, \u00e0 mon retour dans ma r\u00e9gion natale, j&rsquo;ai d\u00e9cid\u00e9 de m&rsquo;installer \u00e0 Florence pour \u00e9tudier l&rsquo;histoire de l&rsquo;art \u00e0 l&rsquo;Universit\u00e0 degli Studi de la ville.<\/span><\/p>\n\n<p><span style=\"font-weight: 400;\">J&rsquo;ai obtenu mon master en histoire de l&rsquo;art m\u00e9di\u00e9val en 2007. Apr\u00e8s avoir pass\u00e9 un certain temps \u00e0 l&rsquo;\u00e9tranger, je suis revenue \u00e0 Florence.<\/span><\/p>\n\n<h2 class=\"wp-block-heading\">Mon souhait \u00e9tait de <b><strong>respirer chaque jour la gloire d&rsquo;un pass\u00e9 irr\u00e9prochable et in\u00e9gal\u00e9<\/strong><\/b>.<\/h2>\n\n<p>\u00c0 Florence, une ville \u00e0 l&rsquo;\u00e9chelle vraiment vivable, facile \u00e0 traverser \u00e0 pied et \u00e0 v\u00e9lo, et pour cr\u00e9er ma propre relation intime avec ces rues.<\/p>\n\n<p>Je suis devenue guide touristique en 2010 dans le but de transmettre tous ces aspects qui ne sont pas imm\u00e9diatement apparents  lors d\u2019un court s\u00e9jour touristique.  Comme vous pouvez le comprendre, je suis vraiment passionn\u00e9e par les mus\u00e9es et l&rsquo;art. Mais je suis aussi une grande amoureuse des animaux et de la nature. Je passe mon temps libre \u00e0 faire de longues promenades et des randonn\u00e9es avec mon chien bien-aim\u00e9. Au cas o\u00f9 vous voyageriez avec vos animaux de compagnie, sachez que dans la mesure du possible, les chiens sont les bienvenus lors de mes visites.<\/p>\n\n<p><span style=\"font-weight: 400;\">De toutes les visites guid\u00e9es que nous proposons, celle que je pr\u00e9f\u00e8re explore les <a href=\"https:\/\/florencelocalguides.com\/fr\/tours\/florence-hors-des-sentiers-battus\/\">Sentiers Cach\u00e9s de Florence<\/a>. Cette promenade offre la particularit\u00e9 de quitter les rues bond\u00e9es de la ville pour d\u00e9couvrir une Florence plus calme et plus verdoyante.<\/span><\/p>\n\n<h3 class=\"wp-block-heading\">Ma belle ville rec\u00e8le encore de nombreux joyaux cach\u00e9s!<\/h3>\n\n<div style=\"height:50px\" aria-hidden=\"true\" class=\"wp-block-spacer\"><\/div>\n","protected":false},"excerpt":{"rendered":"<p>Mon souhait \u00e9tait de respirer chaque jour \u00e0 Florence la gloire d&rsquo;un pass\u00e9 in\u00e9galable et in\u00e9gal\u00e9 et de cr\u00e9er ma propre relation intime avec ces rues.<\/p>\n","protected":false},"author":1,"featured_media":3914,"parent":2717,"menu_order":19,"comment_status":"closed","ping_status":"closed","template":"","meta":{"_acf_changed":false,"footnotes":""},"categories":[],"tags":[],"class_list":["post-2712","page","type-page","status-publish","has-post-thumbnail","hentry"],"acf":[],"yoast_head":"<!-- This site is optimized with the Yoast SEO plugin v27.1.1 - https:\/\/yoast.com\/product\/yoast-seo-wordpress\/ -->\n<title>Federica Bustreo Guide expert priv\u00e9 de Florence - Floe - Florence Local Experts<\/title>\n<meta name=\"description\" content=\"Guide locale passionn\u00e9e par les mus\u00e9es et l&#039;art. Mon souhait est de respirer chaque jour la gloire du pass\u00e9 in\u00e9galable et in\u00e9gal\u00e9 de Florence.\" \/>\n<meta name=\"robots\" content=\"index, follow, max-snippet:-1, max-image-preview:large, max-video-preview:-1\" \/>\n<link rel=\"canonical\" href=\"https:\/\/florencelocalguides.com\/fr\/qui-sommes-nous\/federica-bustreo\/\" \/>\n<meta property=\"og:locale\" content=\"fr_FR\" \/>\n<meta property=\"og:type\" content=\"article\" \/>\n<meta property=\"og:title\" content=\"Federica Bustreo Guide expert priv\u00e9 de Florence - Floe - Florence Local Experts\" \/>\n<meta property=\"og:description\" content=\"Guide locale passionn\u00e9e par les mus\u00e9es et l&#039;art. Mon souhait est de respirer chaque jour la gloire du pass\u00e9 in\u00e9galable et in\u00e9gal\u00e9 de Florence.\" \/>\n<meta property=\"og:url\" content=\"https:\/\/florencelocalguides.com\/fr\/qui-sommes-nous\/federica-bustreo\/\" \/>\n<meta property=\"og:site_name\" content=\"Floe - Florence Local Experts\" \/>\n<meta property=\"article:modified_time\" content=\"2025-06-13T19:50:06+00:00\" \/>\n<meta property=\"og:image\" content=\"https:\/\/florencelocalguides.com\/wp-content\/uploads\/dsc02629.jpg\" \/>\n\t<meta property=\"og:image:width\" content=\"1920\" \/>\n\t<meta property=\"og:image:height\" content=\"1282\" \/>\n\t<meta property=\"og:image:type\" content=\"image\/jpeg\" \/>\n<meta name=\"twitter:card\" content=\"summary_large_image\" \/>\n<meta name=\"twitter:label1\" content=\"Dur\u00e9e de lecture estim\u00e9e\" \/>\n\t<meta name=\"twitter:data1\" content=\"3 minutes\" \/>\n<!-- \/ Yoast SEO plugin. -->","yoast_head_json":{"title":"Federica Bustreo Guide expert priv\u00e9 de Florence - Floe - Florence Local Experts","description":"Guide locale passionn\u00e9e par les mus\u00e9es et l'art. Mon souhait est de respirer chaque jour la gloire du pass\u00e9 in\u00e9galable et in\u00e9gal\u00e9 de Florence.","robots":{"index":"index","follow":"follow","max-snippet":"max-snippet:-1","max-image-preview":"max-image-preview:large","max-video-preview":"max-video-preview:-1"},"canonical":"https:\/\/florencelocalguides.com\/fr\/qui-sommes-nous\/federica-bustreo\/","og_locale":"fr_FR","og_type":"article","og_title":"Federica Bustreo Guide expert priv\u00e9 de Florence - Floe - Florence Local Experts","og_description":"Guide locale passionn\u00e9e par les mus\u00e9es et l'art. Mon souhait est de respirer chaque jour la gloire du pass\u00e9 in\u00e9galable et in\u00e9gal\u00e9 de Florence.","og_url":"https:\/\/florencelocalguides.com\/fr\/qui-sommes-nous\/federica-bustreo\/","og_site_name":"Floe - Florence Local Experts","article_modified_time":"2025-06-13T19:50:06+00:00","og_image":[{"width":1920,"height":1282,"url":"https:\/\/florencelocalguides.com\/wp-content\/uploads\/dsc02629.jpg","type":"image\/jpeg"}],"twitter_card":"summary_large_image","twitter_misc":{"Dur\u00e9e de lecture estim\u00e9e":"3 minutes"},"schema":{"@context":"https:\/\/schema.org","@graph":[{"@type":"WebPage","@id":"https:\/\/florencelocalguides.com\/fr\/qui-sommes-nous\/federica-bustreo\/","url":"https:\/\/florencelocalguides.com\/fr\/qui-sommes-nous\/federica-bustreo\/","name":"Federica Bustreo Guide expert priv\u00e9 de Florence - Floe - Florence Local Experts","isPartOf":{"@id":"https:\/\/florencelocalguides.com\/fr\/#website"},"primaryImageOfPage":{"@id":"https:\/\/florencelocalguides.com\/fr\/qui-sommes-nous\/federica-bustreo\/#primaryimage"},"image":{"@id":"https:\/\/florencelocalguides.com\/fr\/qui-sommes-nous\/federica-bustreo\/#primaryimage"},"thumbnailUrl":"https:\/\/florencelocalguides.com\/wp-content\/uploads\/dsc02629.jpg","datePublished":"2023-12-07T15:46:00+00:00","dateModified":"2025-06-13T19:50:06+00:00","description":"Guide locale passionn\u00e9e par les mus\u00e9es et l'art. Mon souhait est de respirer chaque jour la gloire du pass\u00e9 in\u00e9galable et in\u00e9gal\u00e9 de Florence.","breadcrumb":{"@id":"https:\/\/florencelocalguides.com\/fr\/qui-sommes-nous\/federica-bustreo\/#breadcrumb"},"inLanguage":"fr-FR","potentialAction":[{"@type":"ReadAction","target":["https:\/\/florencelocalguides.com\/fr\/qui-sommes-nous\/federica-bustreo\/"]}]},{"@type":"ImageObject","inLanguage":"fr-FR","@id":"https:\/\/florencelocalguides.com\/fr\/qui-sommes-nous\/federica-bustreo\/#primaryimage","url":"https:\/\/florencelocalguides.com\/wp-content\/uploads\/dsc02629.jpg","contentUrl":"https:\/\/florencelocalguides.com\/wp-content\/uploads\/dsc02629.jpg","width":1920,"height":1282},{"@type":"BreadcrumbList","@id":"https:\/\/florencelocalguides.com\/fr\/qui-sommes-nous\/federica-bustreo\/#breadcrumb","itemListElement":[{"@type":"ListItem","position":1,"name":"Home","item":"https:\/\/florencelocalguides.com\/fr\/"},{"@type":"ListItem","position":2,"name":"Qui sommes-nous?","item":"https:\/\/florencelocalguides.com\/fr\/qui-sommes-nous\/"},{"@type":"ListItem","position":3,"name":"Federica Bustreo"}]},{"@type":"WebSite","@id":"https:\/\/florencelocalguides.com\/fr\/#website","url":"https:\/\/florencelocalguides.com\/fr\/","name":"Floe - Florence Local Experts","description":"","publisher":{"@id":"https:\/\/florencelocalguides.com\/fr\/#organization"},"potentialAction":[{"@type":"SearchAction","target":{"@type":"EntryPoint","urlTemplate":"https:\/\/florencelocalguides.com\/fr\/?s={search_term_string}"},"query-input":{"@type":"PropertyValueSpecification","valueRequired":true,"valueName":"search_term_string"}}],"inLanguage":"fr-FR"},{"@type":"Organization","@id":"https:\/\/florencelocalguides.com\/fr\/#organization","name":"Floe - Florence Local Experts","url":"https:\/\/florencelocalguides.com\/fr\/","logo":{"@type":"ImageObject","inLanguage":"fr-FR","@id":"https:\/\/florencelocalguides.com\/fr\/#\/schema\/logo\/image\/","url":"https:\/\/florencelocalguides.com\/wp-content\/uploads\/logo\/logo-floe-ok.svg","contentUrl":"https:\/\/florencelocalguides.com\/wp-content\/uploads\/logo\/logo-floe-ok.svg","caption":"Floe - Florence Local Experts"},"image":{"@id":"https:\/\/florencelocalguides.com\/fr\/#\/schema\/logo\/image\/"}}]}},"_links":{"self":[{"href":"https:\/\/florencelocalguides.com\/fr\/wp-json\/wp\/v2\/pages\/2712","targetHints":{"allow":["GET"]}}],"collection":[{"href":"https:\/\/florencelocalguides.com\/fr\/wp-json\/wp\/v2\/pages"}],"about":[{"href":"https:\/\/florencelocalguides.com\/fr\/wp-json\/wp\/v2\/types\/page"}],"author":[{"embeddable":true,"href":"https:\/\/florencelocalguides.com\/fr\/wp-json\/wp\/v2\/users\/1"}],"replies":[{"embeddable":true,"href":"https:\/\/florencelocalguides.com\/fr\/wp-json\/wp\/v2\/comments?post=2712"}],"version-history":[{"count":8,"href":"https:\/\/florencelocalguides.com\/fr\/wp-json\/wp\/v2\/pages\/2712\/revisions"}],"predecessor-version":[{"id":4075,"href":"https:\/\/florencelocalguides.com\/fr\/wp-json\/wp\/v2\/pages\/2712\/revisions\/4075"}],"up":[{"embeddable":true,"href":"https:\/\/florencelocalguides.com\/fr\/wp-json\/wp\/v2\/pages\/2717"}],"wp:featuredmedia":[{"embeddable":true,"href":"https:\/\/florencelocalguides.com\/fr\/wp-json\/wp\/v2\/media\/3914"}],"wp:attachment":[{"href":"https:\/\/florencelocalguides.com\/fr\/wp-json\/wp\/v2\/media?parent=2712"}],"wp:term":[{"taxonomy":"category","embeddable":true,"href":"https:\/\/florencelocalguides.com\/fr\/wp-json\/wp\/v2\/categories?post=2712"},{"taxonomy":"post_tag","embeddable":true,"href":"https:\/\/florencelocalguides.com\/fr\/wp-json\/wp\/v2\/tags?post=2712"}],"curies":[{"name":"wp","href":"https:\/\/api.w.org\/{rel}","templated":true}]}}