{"id":2717,"date":"2023-12-05T20:12:59","date_gmt":"2023-12-05T20:12:59","guid":{"rendered":"https:\/\/flg.dotflorence.com\/qui-sommes-nous\/"},"modified":"2024-03-25T16:15:24","modified_gmt":"2024-03-25T16:15:24","slug":"qui-sommes-nous","status":"publish","type":"page","link":"https:\/\/florencelocalguides.com\/fr\/qui-sommes-nous\/","title":{"rendered":"Qui sommes-nous?"},"content":{"rendered":"\t\t<div data-elementor-type=\"wp-page\" data-elementor-id=\"2717\" class=\"elementor elementor-2717 elementor-47\" data-elementor-post-type=\"page\">\n\t\t\t\t<div class=\"elementor-element elementor-element-2c2243dd e-con-full e-flex e-con e-parent\" data-id=\"2c2243dd\" data-element_type=\"container\" data-settings=\"{&quot;jet_parallax_layout_list&quot;:[]}\">\n\t\t\t\t<div data-dce-title-color=\"#FFFFFF\" data-dce-advanced-background-image-url=\"https:\/\/florencelocalguides.com\/wp-content\/uploads\/header\/spp1481.jpg\" class=\"elementor-element elementor-element-24fe865 elementor-invisible elementor-has-bg-overlay elementor-widget elementor-widget-global elementor-global-25 elementor-widget-heading\" data-id=\"24fe865\" data-element_type=\"widget\" data-settings=\"{&quot;_animation&quot;:&quot;fadeInDown&quot;}\" data-widget_type=\"heading.default\">\n\t\t\t\t<div class=\"elementor-widget-container\">\n\t\t\t\t\t<h1 class=\"elementor-heading-title elementor-size-default\">Qui sommes-nous?<\/h1>\t\t\t\t<\/div>\n\t\t\t\t<\/div>\n\t\t\t\t<\/div>\n\t\t<div class=\"elementor-element elementor-element-7fd70878 e-flex e-con-boxed e-con e-parent\" data-id=\"7fd70878\" data-element_type=\"container\" data-settings=\"{&quot;jet_parallax_layout_list&quot;:[]}\">\n\t\t\t\t\t<div class=\"e-con-inner\">\n\t\t\t\t<div class=\"elementor-element elementor-element-ccb3ec7 elementor-widget elementor-widget-heading\" data-id=\"ccb3ec7\" data-element_type=\"widget\" data-widget_type=\"heading.default\">\n\t\t\t\t<div class=\"elementor-widget-container\">\n\t\t\t\t\t<h2 class=\"elementor-heading-title elementor-size-default\">FLoE a \u00e9t\u00e9 cr\u00e9\u00e9 par Federica et Valentina, deux guides touristiques professionnelles qui adorent Florence, la vie facile et l'art.<\/h2>\t\t\t\t<\/div>\n\t\t\t\t<\/div>\n\t\t\t\t<div class=\"elementor-element elementor-element-7e2fa624 elementor-widget elementor-widget-text-editor\" data-id=\"7e2fa624\" data-element_type=\"widget\" data-widget_type=\"text-editor.default\">\n\t\t\t\t<div class=\"elementor-widget-container\">\n\t\t\t\t\t\t\t\t\t<p><span style=\"font-weight: 400;\">Fi\u00e8rement \u00e9prises de <strong>Florence<\/strong>, \u00e0 <strong>FLoE<\/strong>, nous avons combin\u00e9 nos forces pour atteindre un objectif commun: offrir \u00e0 nos clients une exp\u00e9rience priv\u00e9e inoubliable.<\/span><\/p>\n<p><span style=\"font-weight: 400;\">Nous vous guiderons dans notre ville, en vous faisant revivre la gloire du pass\u00e9 et en vous illustrant les nombreuses opportunit\u00e9s actuelles, afin que vous puissiez <strong>d\u00e9couvrir une Florence anim\u00e9e et surprenante<\/strong>. Nous sommes \u00e0 votre disposition avec professionnalisme et charme, et dans certains cas, \u00e9galement avec une excellente cuisine et un bon vin !<\/span><\/p>\n<p><span style=\"font-weight: 400;\">FLoE propose des <strong>visites priv\u00e9es classiques<\/strong>, incontournables si vous voulez voir les chefs-d&rsquo;\u0153uvre les plus connus de la ville, mais aussi des<strong> itin\u00e9raires guid\u00e9s sp\u00e9ciaux<\/strong> pour votre divertissement et votre d\u00e9tente. <\/span><\/p>\n<h3><span style=\"font-weight: 400;\">Chacune de nos propositions peut \u00eatre adapt\u00e9e \u00e0 vos besoins afin que vous puissiez vivre une journ\u00e9e unique et surtout authentique.<\/span><\/h3>\n\t\t\t\t\t\t\t\t<\/div>\n\t\t\t\t<\/div>\n\t\t\t\t<div class=\"elementor-element elementor-element-7822fc4 elementor-widget elementor-widget-jet-listing-grid\" data-id=\"7822fc4\" data-element_type=\"widget\" data-settings=\"{&quot;columns&quot;:&quot;2&quot;,&quot;columns_tablet&quot;:&quot;2&quot;,&quot;columns_mobile&quot;:&quot;1&quot;}\" data-widget_type=\"jet-listing-grid.default\">\n\t\t\t\t<div class=\"elementor-widget-container\">\n\t\t\t\t\t<div class=\"jet-listing-grid jet-listing\"><div class=\"jet-listing-grid__items grid-col-desk-2 grid-col-tablet-2 grid-col-mobile-1 jet-listing-grid--432 jet-equal-columns__wrapper\" data-queried-id=\"2717|WP_Post\" data-nav=\"{&quot;enabled&quot;:false,&quot;type&quot;:null,&quot;more_el&quot;:null,&quot;query&quot;:[],&quot;widget_settings&quot;:{&quot;lisitng_id&quot;:432,&quot;posts_num&quot;:6,&quot;columns&quot;:2,&quot;columns_tablet&quot;:2,&quot;columns_mobile&quot;:1,&quot;column_min_width&quot;:240,&quot;column_min_width_tablet&quot;:240,&quot;column_min_width_mobile&quot;:240,&quot;inline_columns_css&quot;:false,&quot;is_archive_template&quot;:&quot;&quot;,&quot;post_status&quot;:[&quot;publish&quot;],&quot;use_random_posts_num&quot;:&quot;&quot;,&quot;max_posts_num&quot;:9,&quot;not_found_message&quot;:&quot;No data was found&quot;,&quot;is_masonry&quot;:false,&quot;equal_columns_height&quot;:&quot;yes&quot;,&quot;use_load_more&quot;:&quot;&quot;,&quot;load_more_id&quot;:&quot;&quot;,&quot;load_more_type&quot;:&quot;click&quot;,&quot;load_more_offset&quot;:{&quot;unit&quot;:&quot;px&quot;,&quot;size&quot;:0,&quot;sizes&quot;:[]},&quot;use_custom_post_types&quot;:&quot;&quot;,&quot;custom_post_types&quot;:[],&quot;hide_widget_if&quot;:&quot;&quot;,&quot;carousel_enabled&quot;:&quot;&quot;,&quot;slides_to_scroll&quot;:&quot;1&quot;,&quot;arrows&quot;:&quot;true&quot;,&quot;arrow_icon&quot;:&quot;fa fa-angle-left&quot;,&quot;dots&quot;:&quot;&quot;,&quot;autoplay&quot;:&quot;true&quot;,&quot;pause_on_hover&quot;:&quot;true&quot;,&quot;autoplay_speed&quot;:5000,&quot;infinite&quot;:&quot;true&quot;,&quot;center_mode&quot;:&quot;&quot;,&quot;effect&quot;:&quot;slide&quot;,&quot;speed&quot;:500,&quot;inject_alternative_items&quot;:&quot;&quot;,&quot;injection_items&quot;:[],&quot;scroll_slider_enabled&quot;:&quot;&quot;,&quot;scroll_slider_on&quot;:[&quot;desktop&quot;,&quot;tablet&quot;,&quot;mobile&quot;],&quot;custom_query&quot;:false,&quot;custom_query_id&quot;:&quot;&quot;,&quot;_element_id&quot;:&quot;&quot;,&quot;collapse_first_last_gap&quot;:false,&quot;list_items_wrapper_tag&quot;:&quot;div&quot;,&quot;list_item_tag&quot;:&quot;div&quot;,&quot;empty_items_wrapper_tag&quot;:&quot;div&quot;}}\" data-page=\"1\" data-pages=\"1\" data-listing-source=\"posts\" data-listing-id=\"432\" data-query-id=\"\"><style>.elementor-432 .elementor-element.elementor-element-ab638b6{--display:flex;--gap:0px 0px;--row-gap:0px;--column-gap:0px;box-shadow:0px 0px 10px 0px rgba(0,0,0,0.5);--padding-top:0px;--padding-bottom:0px;--padding-left:0px;--padding-right:0px;}.elementor-432 .elementor-element.elementor-element-4a88ce7{--display:flex;--gap:0px 0px;--row-gap:0px;--column-gap:0px;--padding-top:0px;--padding-bottom:0px;--padding-left:0px;--padding-right:0px;}.elementor-widget-image .widget-image-caption{color:var( --e-global-color-text );font-family:var( --e-global-typography-text-font-family ), Sans-serif;font-weight:var( --e-global-typography-text-font-weight );}.elementor-432 .elementor-element.elementor-element-590bfd2{--display:flex;--justify-content:space-between;--gap:0px 0px;--row-gap:0px;--column-gap:0px;--padding-top:20px;--padding-bottom:20px;--padding-left:20px;--padding-right:20px;}.elementor-widget-heading .elementor-heading-title{font-family:var( --e-global-typography-primary-font-family ), Sans-serif;font-weight:var( --e-global-typography-primary-font-weight );color:var( --e-global-color-primary );}.elementor-432 .elementor-element.elementor-element-b6be413 > .elementor-widget-container{margin:0px 0px 20px 0px;}.elementor-432 .elementor-element.elementor-element-b6be413{text-align:center;}.elementor-widget-better-post-excerpt .elementor-widget-container{color:var( --e-global-color-text );font-family:var( --e-global-typography-text-font-family ), Sans-serif;font-weight:var( --e-global-typography-text-font-weight );}.elementor-432 .elementor-element.elementor-element-b9dca92 > .elementor-widget-container{margin:0px 0px 20px 0px;}.elementor-widget-button .elementor-button{background-color:var( --e-global-color-accent );font-family:var( --e-global-typography-accent-font-family ), Sans-serif;font-weight:var( --e-global-typography-accent-font-weight );}.elementor-432 .elementor-element.elementor-element-b4a8651 .elementor-button{background-color:var( --e-global-color-primary );fill:#FFFFFF;color:#FFFFFF;}.elementor-432 .elementor-element.elementor-element-b4a8651 .elementor-button:hover, .elementor-432 .elementor-element.elementor-element-b4a8651 .elementor-button:focus{background-color:var( --e-global-color-accent );}\/* Start custom CSS for container, class: .elementor-element-590bfd2 *\/.elementor-432 .elementor-element.elementor-element-590bfd2 {\n    height: 100%;\n}\/* End custom CSS *\/<\/style><div class=\"jet-listing-grid__item jet-listing-dynamic-post-2709 jet-equal-columns\" data-post-id=\"2709\" >\t\t<div data-elementor-type=\"jet-listing-items\" data-elementor-id=\"432\" class=\"elementor elementor-432\" data-elementor-post-type=\"jet-engine\">\n\t\t\t\t<div class=\"elementor-element elementor-element-ab638b6 e-con-full e-flex e-con e-parent\" data-id=\"ab638b6\" data-element_type=\"container\" data-settings=\"{&quot;jet_parallax_layout_list&quot;:[]}\">\n\t\t<div class=\"elementor-element elementor-element-4a88ce7 e-con-full e-flex e-con e-child\" data-id=\"4a88ce7\" data-element_type=\"container\" data-settings=\"{&quot;jet_parallax_layout_list&quot;:[]}\">\n\t\t\t\t<div class=\"elementor-element elementor-element-beb6a5c dce_masking-none elementor-widget elementor-widget-image\" data-id=\"beb6a5c\" data-element_type=\"widget\" data-widget_type=\"image.default\">\n\t\t\t\t<div class=\"elementor-widget-container\">\n\t\t\t\t\t\t\t\t\t\t\t\t\t\t\t<img fetchpriority=\"high\" decoding=\"async\" width=\"800\" height=\"534\" src=\"https:\/\/florencelocalguides.com\/wp-content\/uploads\/dsc02614-1024x684.jpg\" class=\"attachment-large size-large wp-image-3910\" alt=\"\" srcset=\"https:\/\/florencelocalguides.com\/wp-content\/uploads\/dsc02614-1024x684.jpg 1024w, https:\/\/florencelocalguides.com\/wp-content\/uploads\/dsc02614-300x200.jpg 300w, https:\/\/florencelocalguides.com\/wp-content\/uploads\/dsc02614-768x513.jpg 768w, https:\/\/florencelocalguides.com\/wp-content\/uploads\/dsc02614-1536x1026.jpg 1536w, https:\/\/florencelocalguides.com\/wp-content\/uploads\/dsc02614.jpg 1920w\" sizes=\"(max-width: 800px) 100vw, 800px\" \/>\t\t\t\t\t\t\t\t\t\t\t\t\t\t\t<\/div>\n\t\t\t\t<\/div>\n\t\t\t\t<\/div>\n\t\t<div class=\"elementor-element elementor-element-590bfd2 e-con-full e-flex e-con e-child\" data-id=\"590bfd2\" data-element_type=\"container\" data-settings=\"{&quot;jet_parallax_layout_list&quot;:[]}\">\n\t\t\t\t<div class=\"elementor-element elementor-element-b6be413 elementor-widget elementor-widget-heading\" data-id=\"b6be413\" data-element_type=\"widget\" data-widget_type=\"heading.default\">\n\t\t\t\t<div class=\"elementor-widget-container\">\n\t\t\t\t\t<h2 class=\"elementor-heading-title elementor-size-default\">Valentina Longo<\/h2>\t\t\t\t<\/div>\n\t\t\t\t<\/div>\n\t\t\t\t<div class=\"elementor-element elementor-element-b9dca92 elementor-widget elementor-widget-better-post-excerpt\" data-id=\"b9dca92\" data-element_type=\"widget\" data-widget_type=\"better-post-excerpt.default\">\n\t\t\t\t<div class=\"elementor-widget-container\">\n\t\t\t\t\tJe suis n\u00e9e et j'ai grandi \u00e0 Florence, et je ne changerais de ville contre aucune autre au monde. Vous aimeriez pouvoir d\u00e9couvrir cette ville avec une vraie Florentine? Alors je suis la personne qu\u2019il vous faut.\t\t\t\t<\/div>\n\t\t\t\t<\/div>\n\t\t\t\t<div class=\"elementor-element elementor-element-b4a8651 elementor-align-center elementor-widget elementor-widget-button\" data-id=\"b4a8651\" data-element_type=\"widget\" data-widget_type=\"button.default\">\n\t\t\t\t<div class=\"elementor-widget-container\">\n\t\t\t\t\t\t\t\t\t<div class=\"elementor-button-wrapper\">\n\t\t\t\t\t<a class=\"elementor-button elementor-button-link elementor-size-sm\" href=\"https:\/\/florencelocalguides.com\/fr\/qui-sommes-nous\/valentina-longo\/\">\n\t\t\t\t\t\t<span class=\"elementor-button-content-wrapper\">\n\t\t\t\t\t\t\t\t\t<span class=\"elementor-button-text\">Read more &raquo;<\/span>\n\t\t\t\t\t<\/span>\n\t\t\t\t\t<\/a>\n\t\t\t\t<\/div>\n\t\t\t\t\t\t\t\t<\/div>\n\t\t\t\t<\/div>\n\t\t\t\t<\/div>\n\t\t\t\t<\/div>\n\t\t\t\t<\/div>\n\t\t<\/div><div class=\"jet-listing-grid__item jet-listing-dynamic-post-2712 jet-equal-columns\" data-post-id=\"2712\" >\t\t<div data-elementor-type=\"jet-listing-items\" data-elementor-id=\"432\" class=\"elementor elementor-432\" data-elementor-post-type=\"jet-engine\">\n\t\t\t\t<div class=\"elementor-element elementor-element-ab638b6 e-con-full e-flex e-con e-parent\" data-id=\"ab638b6\" data-element_type=\"container\" data-settings=\"{&quot;jet_parallax_layout_list&quot;:[]}\">\n\t\t<div class=\"elementor-element elementor-element-4a88ce7 e-con-full e-flex e-con e-child\" data-id=\"4a88ce7\" data-element_type=\"container\" data-settings=\"{&quot;jet_parallax_layout_list&quot;:[]}\">\n\t\t\t\t<div class=\"elementor-element elementor-element-beb6a5c dce_masking-none elementor-widget elementor-widget-image\" data-id=\"beb6a5c\" data-element_type=\"widget\" data-widget_type=\"image.default\">\n\t\t\t\t<div class=\"elementor-widget-container\">\n\t\t\t\t\t\t\t\t\t\t\t\t\t\t\t<img decoding=\"async\" width=\"800\" height=\"534\" src=\"https:\/\/florencelocalguides.com\/wp-content\/uploads\/dsc02629-1024x684.jpg\" class=\"attachment-large size-large wp-image-3914\" alt=\"\" srcset=\"https:\/\/florencelocalguides.com\/wp-content\/uploads\/dsc02629-1024x684.jpg 1024w, https:\/\/florencelocalguides.com\/wp-content\/uploads\/dsc02629-300x200.jpg 300w, https:\/\/florencelocalguides.com\/wp-content\/uploads\/dsc02629-768x513.jpg 768w, https:\/\/florencelocalguides.com\/wp-content\/uploads\/dsc02629-1536x1026.jpg 1536w, https:\/\/florencelocalguides.com\/wp-content\/uploads\/dsc02629.jpg 1920w\" sizes=\"(max-width: 800px) 100vw, 800px\" \/>\t\t\t\t\t\t\t\t\t\t\t\t\t\t\t<\/div>\n\t\t\t\t<\/div>\n\t\t\t\t<\/div>\n\t\t<div class=\"elementor-element elementor-element-590bfd2 e-con-full e-flex e-con e-child\" data-id=\"590bfd2\" data-element_type=\"container\" data-settings=\"{&quot;jet_parallax_layout_list&quot;:[]}\">\n\t\t\t\t<div class=\"elementor-element elementor-element-b6be413 elementor-widget elementor-widget-heading\" data-id=\"b6be413\" data-element_type=\"widget\" data-widget_type=\"heading.default\">\n\t\t\t\t<div class=\"elementor-widget-container\">\n\t\t\t\t\t<h2 class=\"elementor-heading-title elementor-size-default\">Federica Bustreo<\/h2>\t\t\t\t<\/div>\n\t\t\t\t<\/div>\n\t\t\t\t<div class=\"elementor-element elementor-element-b9dca92 elementor-widget elementor-widget-better-post-excerpt\" data-id=\"b9dca92\" data-element_type=\"widget\" data-widget_type=\"better-post-excerpt.default\">\n\t\t\t\t<div class=\"elementor-widget-container\">\n\t\t\t\t\tMon souhait \u00e9tait de respirer chaque jour \u00e0 Florence la gloire d'un pass\u00e9 in\u00e9galable et in\u00e9gal\u00e9 et de cr\u00e9er ma propre relation intime avec ces rues.\t\t\t\t<\/div>\n\t\t\t\t<\/div>\n\t\t\t\t<div class=\"elementor-element elementor-element-b4a8651 elementor-align-center elementor-widget elementor-widget-button\" data-id=\"b4a8651\" data-element_type=\"widget\" data-widget_type=\"button.default\">\n\t\t\t\t<div class=\"elementor-widget-container\">\n\t\t\t\t\t\t\t\t\t<div class=\"elementor-button-wrapper\">\n\t\t\t\t\t<a class=\"elementor-button elementor-button-link elementor-size-sm\" href=\"https:\/\/florencelocalguides.com\/fr\/qui-sommes-nous\/federica-bustreo\/\">\n\t\t\t\t\t\t<span class=\"elementor-button-content-wrapper\">\n\t\t\t\t\t\t\t\t\t<span class=\"elementor-button-text\">Read more &raquo;<\/span>\n\t\t\t\t\t<\/span>\n\t\t\t\t\t<\/a>\n\t\t\t\t<\/div>\n\t\t\t\t\t\t\t\t<\/div>\n\t\t\t\t<\/div>\n\t\t\t\t<\/div>\n\t\t\t\t<\/div>\n\t\t\t\t<\/div>\n\t\t<\/div><\/div><\/div>\t\t\t\t<\/div>\n\t\t\t\t<\/div>\n\t\t\t\t\t<\/div>\n\t\t\t\t<\/div>\n\t\t\t\t<\/div>\n\t\t","protected":false},"excerpt":{"rendered":"<p>FLoE a \u00e9t\u00e9 cr\u00e9\u00e9 par Federica et Valentina, deux guides touristiques professionnelles qui adorent Florence, la vie facile et l&rsquo;art. Fi\u00e8rement \u00e9prises de Florence, \u00e0 FLoE, nous avons combin\u00e9 nos forces pour atteindre un objectif commun: offrir \u00e0 nos clients une exp\u00e9rience priv\u00e9e inoubliable. Nous vous guiderons dans notre ville, en vous faisant revivre la&#8230;<\/p>\n","protected":false},"author":1,"featured_media":2718,"parent":0,"menu_order":12,"comment_status":"closed","ping_status":"closed","template":"","meta":{"_acf_changed":false,"footnotes":""},"categories":[],"tags":[],"class_list":["post-2717","page","type-page","status-publish","has-post-thumbnail","hentry"],"acf":[],"yoast_head":"<!-- This site is optimized with the Yoast SEO plugin v27.1.1 - https:\/\/yoast.com\/product\/yoast-seo-wordpress\/ -->\n<title>Guides locaux de Florence - Guides priv\u00e9s experts de Florence, Toscane<\/title>\n<meta name=\"description\" content=\"Nous proposons des visites classiques pour voir les chefs-d&#039;\u0153uvre les plus connus de la ville, mais aussi des itin\u00e9raires sp\u00e9ciaux pour vous divertir et vous d\u00e9tendre.\" \/>\n<meta name=\"robots\" content=\"index, follow, max-snippet:-1, max-image-preview:large, max-video-preview:-1\" \/>\n<link rel=\"canonical\" href=\"https:\/\/florencelocalguides.com\/fr\/qui-sommes-nous\/\" \/>\n<meta property=\"og:locale\" content=\"fr_FR\" \/>\n<meta property=\"og:type\" content=\"article\" \/>\n<meta property=\"og:title\" content=\"Guides locaux de Florence - Guides priv\u00e9s experts de Florence, Toscane\" \/>\n<meta property=\"og:description\" content=\"Nous proposons des visites classiques pour voir les chefs-d&#039;\u0153uvre les plus connus de la ville, mais aussi des itin\u00e9raires sp\u00e9ciaux pour vous divertir et vous d\u00e9tendre.\" \/>\n<meta property=\"og:url\" content=\"https:\/\/florencelocalguides.com\/fr\/qui-sommes-nous\/\" \/>\n<meta property=\"og:site_name\" content=\"Floe - Florence Local Experts\" \/>\n<meta property=\"article:modified_time\" content=\"2024-03-25T16:15:24+00:00\" \/>\n<meta property=\"og:image\" content=\"https:\/\/florencelocalguides.com\/wp-content\/uploads\/header\/spp1481.jpg\" \/>\n\t<meta property=\"og:image:width\" content=\"1920\" \/>\n\t<meta property=\"og:image:height\" content=\"1277\" \/>\n\t<meta property=\"og:image:type\" content=\"image\/jpeg\" \/>\n<meta name=\"twitter:card\" content=\"summary_large_image\" \/>\n<meta name=\"twitter:label1\" content=\"Dur\u00e9e de lecture estim\u00e9e\" \/>\n\t<meta name=\"twitter:data1\" content=\"2 minutes\" \/>\n<!-- \/ Yoast SEO plugin. -->","yoast_head_json":{"title":"Guides locaux de Florence - Guides priv\u00e9s experts de Florence, Toscane","description":"Nous proposons des visites classiques pour voir les chefs-d'\u0153uvre les plus connus de la ville, mais aussi des itin\u00e9raires sp\u00e9ciaux pour vous divertir et vous d\u00e9tendre.","robots":{"index":"index","follow":"follow","max-snippet":"max-snippet:-1","max-image-preview":"max-image-preview:large","max-video-preview":"max-video-preview:-1"},"canonical":"https:\/\/florencelocalguides.com\/fr\/qui-sommes-nous\/","og_locale":"fr_FR","og_type":"article","og_title":"Guides locaux de Florence - Guides priv\u00e9s experts de Florence, Toscane","og_description":"Nous proposons des visites classiques pour voir les chefs-d'\u0153uvre les plus connus de la ville, mais aussi des itin\u00e9raires sp\u00e9ciaux pour vous divertir et vous d\u00e9tendre.","og_url":"https:\/\/florencelocalguides.com\/fr\/qui-sommes-nous\/","og_site_name":"Floe - Florence Local Experts","article_modified_time":"2024-03-25T16:15:24+00:00","og_image":[{"width":1920,"height":1277,"url":"https:\/\/florencelocalguides.com\/wp-content\/uploads\/header\/spp1481.jpg","type":"image\/jpeg"}],"twitter_card":"summary_large_image","twitter_misc":{"Dur\u00e9e de lecture estim\u00e9e":"2 minutes"},"schema":{"@context":"https:\/\/schema.org","@graph":[{"@type":"WebPage","@id":"https:\/\/florencelocalguides.com\/fr\/qui-sommes-nous\/","url":"https:\/\/florencelocalguides.com\/fr\/qui-sommes-nous\/","name":"Guides locaux de Florence - Guides priv\u00e9s experts de Florence, Toscane","isPartOf":{"@id":"https:\/\/florencelocalguides.com\/fr\/#website"},"primaryImageOfPage":{"@id":"https:\/\/florencelocalguides.com\/fr\/qui-sommes-nous\/#primaryimage"},"image":{"@id":"https:\/\/florencelocalguides.com\/fr\/qui-sommes-nous\/#primaryimage"},"thumbnailUrl":"https:\/\/florencelocalguides.com\/wp-content\/uploads\/header\/spp1481.jpg","datePublished":"2023-12-05T20:12:59+00:00","dateModified":"2024-03-25T16:15:24+00:00","description":"Nous proposons des visites classiques pour voir les chefs-d'\u0153uvre les plus connus de la ville, mais aussi des itin\u00e9raires sp\u00e9ciaux pour vous divertir et vous d\u00e9tendre.","breadcrumb":{"@id":"https:\/\/florencelocalguides.com\/fr\/qui-sommes-nous\/#breadcrumb"},"inLanguage":"fr-FR","potentialAction":[{"@type":"ReadAction","target":["https:\/\/florencelocalguides.com\/fr\/qui-sommes-nous\/"]}]},{"@type":"ImageObject","inLanguage":"fr-FR","@id":"https:\/\/florencelocalguides.com\/fr\/qui-sommes-nous\/#primaryimage","url":"https:\/\/florencelocalguides.com\/wp-content\/uploads\/header\/spp1481.jpg","contentUrl":"https:\/\/florencelocalguides.com\/wp-content\/uploads\/header\/spp1481.jpg","width":1920,"height":1277},{"@type":"BreadcrumbList","@id":"https:\/\/florencelocalguides.com\/fr\/qui-sommes-nous\/#breadcrumb","itemListElement":[{"@type":"ListItem","position":1,"name":"Home","item":"https:\/\/florencelocalguides.com\/fr\/"},{"@type":"ListItem","position":2,"name":"Qui sommes-nous?"}]},{"@type":"WebSite","@id":"https:\/\/florencelocalguides.com\/fr\/#website","url":"https:\/\/florencelocalguides.com\/fr\/","name":"Floe - Florence Local Experts","description":"","publisher":{"@id":"https:\/\/florencelocalguides.com\/fr\/#organization"},"potentialAction":[{"@type":"SearchAction","target":{"@type":"EntryPoint","urlTemplate":"https:\/\/florencelocalguides.com\/fr\/?s={search_term_string}"},"query-input":{"@type":"PropertyValueSpecification","valueRequired":true,"valueName":"search_term_string"}}],"inLanguage":"fr-FR"},{"@type":"Organization","@id":"https:\/\/florencelocalguides.com\/fr\/#organization","name":"Floe - Florence Local Experts","url":"https:\/\/florencelocalguides.com\/fr\/","logo":{"@type":"ImageObject","inLanguage":"fr-FR","@id":"https:\/\/florencelocalguides.com\/fr\/#\/schema\/logo\/image\/","url":"https:\/\/florencelocalguides.com\/wp-content\/uploads\/logo\/logo-floe-ok.svg","contentUrl":"https:\/\/florencelocalguides.com\/wp-content\/uploads\/logo\/logo-floe-ok.svg","caption":"Floe - Florence Local Experts"},"image":{"@id":"https:\/\/florencelocalguides.com\/fr\/#\/schema\/logo\/image\/"}}]}},"_links":{"self":[{"href":"https:\/\/florencelocalguides.com\/fr\/wp-json\/wp\/v2\/pages\/2717","targetHints":{"allow":["GET"]}}],"collection":[{"href":"https:\/\/florencelocalguides.com\/fr\/wp-json\/wp\/v2\/pages"}],"about":[{"href":"https:\/\/florencelocalguides.com\/fr\/wp-json\/wp\/v2\/types\/page"}],"author":[{"embeddable":true,"href":"https:\/\/florencelocalguides.com\/fr\/wp-json\/wp\/v2\/users\/1"}],"replies":[{"embeddable":true,"href":"https:\/\/florencelocalguides.com\/fr\/wp-json\/wp\/v2\/comments?post=2717"}],"version-history":[{"count":7,"href":"https:\/\/florencelocalguides.com\/fr\/wp-json\/wp\/v2\/pages\/2717\/revisions"}],"predecessor-version":[{"id":3448,"href":"https:\/\/florencelocalguides.com\/fr\/wp-json\/wp\/v2\/pages\/2717\/revisions\/3448"}],"wp:featuredmedia":[{"embeddable":true,"href":"https:\/\/florencelocalguides.com\/fr\/wp-json\/wp\/v2\/media\/2718"}],"wp:attachment":[{"href":"https:\/\/florencelocalguides.com\/fr\/wp-json\/wp\/v2\/media?parent=2717"}],"wp:term":[{"taxonomy":"category","embeddable":true,"href":"https:\/\/florencelocalguides.com\/fr\/wp-json\/wp\/v2\/categories?post=2717"},{"taxonomy":"post_tag","embeddable":true,"href":"https:\/\/florencelocalguides.com\/fr\/wp-json\/wp\/v2\/tags?post=2717"}],"curies":[{"name":"wp","href":"https:\/\/api.w.org\/{rel}","templated":true}]}}