{"id":2412,"date":"2023-12-07T15:46:00","date_gmt":"2023-12-07T15:46:00","guid":{"rendered":"https:\/\/flg.dotflorence.com\/chi-siamo\/federica-bustreo\/"},"modified":"2024-03-19T12:35:17","modified_gmt":"2024-03-19T12:35:17","slug":"federica-bustreo-guida-di-firenze","status":"publish","type":"page","link":"https:\/\/florencelocalguides.com\/it\/guide-turistiche-firenze\/federica-bustreo-guida-di-firenze\/","title":{"rendered":"Federica Bustreo"},"content":{"rendered":"\n<div style=\"height:50px\" aria-hidden=\"true\" class=\"wp-block-spacer\"><\/div>\n\n\n<h1 class=\"has-text-align-center wp-block-post-title\">Federica Bustreo<\/h1>\n\n\n<h3 class=\"wp-block-heading has-text-align-center\">Una storica dell&#8217;arte innamorata degli animali<\/h3>\n\n\n<figure style=\"width:500px;\" class=\"wp-block-post-featured-image\"><img fetchpriority=\"high\" decoding=\"async\" width=\"1920\" height=\"1282\" src=\"https:\/\/florencelocalguides.com\/wp-content\/uploads\/dsc02629.jpg\" class=\"attachment-post-thumbnail size-post-thumbnail wp-post-image\" alt=\"\" style=\"object-fit:cover;\" srcset=\"https:\/\/florencelocalguides.com\/wp-content\/uploads\/dsc02629.jpg 1920w, https:\/\/florencelocalguides.com\/wp-content\/uploads\/dsc02629-300x200.jpg 300w, https:\/\/florencelocalguides.com\/wp-content\/uploads\/dsc02629-1024x684.jpg 1024w, https:\/\/florencelocalguides.com\/wp-content\/uploads\/dsc02629-768x513.jpg 768w, https:\/\/florencelocalguides.com\/wp-content\/uploads\/dsc02629-1536x1026.jpg 1536w\" sizes=\"(max-width: 1920px) 100vw, 1920px\" \/><\/figure>\n\n\n<div style=\"height:30px\" aria-hidden=\"true\" class=\"wp-block-spacer\"><\/div>\n\n\n\n<p>Ricordo ancora la prima volta che sono venuta a Firenze: avevo 17 anni e ero profondamente affascinata da tutto ci\u00f2 che riguardava l&#8217;arte. Appena ho messo piede in citt\u00e0, ho capito che questo era il posto in cui volevo vivere. E il mio sogno si \u00e8 avverato solo pochi anni dopo!<\/p>\n\n\n\n<p>Dopo aver studiato lingue al liceo di Padova, la mia citt\u00e0 natale, mi sono trasferita in Germania per perfezionare le mie conoscenze linguistiche. Che occasione unica \u00e8 stata! Incontrare studenti da tutto il mondo e essere completamente indipendente per la prima volta mi ha introdotto nel mondo degli adulti. Ho trascorso un anno in Germania e, quando sono rientrata in Italia, ho deciso di trasferirmi a Firenze per studiare storia dell&#8217;arte.<\/p>\n\n\n\n<p>Ho ottenuto la <strong>laurea magistrale in Storia dell&#8217;arte medievale nel 2007 presso l&#8217;Universit\u00e0 degli Studi di Firenze<\/strong>. Dopo aver trascorso un periodo a Berlino, sono ritornata a Firenze. <\/p>\n\n\n\n<h2 class=\"wp-block-heading\">Il mio desiderio era quello di respirare ogni giorno la gloria del passato irripetibile e ineguagliabile di Firenze.<\/h2>\n\n\n\n<p>Una citt\u00e0 davvero vivibile, facile da attraversare a piedi e in bicicletta, dove poter creare un rapporto di confidenza con le sue strade.<\/p>\n\n\n\n<p><strong>Sono diventata guida turistica nel 2010 <\/strong>con l&#8217;obiettivo di trasmettere ai visitatori tutti questi aspetti, che non sono immediatamente visibili a chi trascorre pochi giorni a Firenze. Come potete capire, sono davvero appassionata di musei e arte. Ma sono anche una grande amante degli animali e della natura. Trascorro il mio tempo libero facendo lunghe passeggiate e escursioni con il mio amato cane. Quando possibile, i cani sono pi\u00f9 che benvenuti durante le mie visite, nel caso stiate viaggiando con i vostri animali domestici!<\/p>\n\n\n\n<p><span style=\"font-weight: 400;\">Tra tutte le visite guidate che offriamo, la mia preferita \u00e8 quella che esplora la <a href=\"\/it\/tours\/visita-guidata-firenze-insolita\/\"><strong>Firenze insolita<\/strong><\/a>. In questa passeggiata speciale abbiamo l&#8217;opportunit\u00e0 di lasciare le strade affollate della citt\u00e0 e raggiungere una Firenze tranquilla e pi\u00f9 verde.&nbsp;<\/span><\/p>\n\n\n\n<h3 class=\"wp-block-heading\">Ci sono ancora molti gioielli nascosti che possono essere scoperti nella mia bellissima citt\u00e0!<\/h3>\n\n\n\n<div style=\"height:50px\" aria-hidden=\"true\" class=\"wp-block-spacer\"><\/div>\n","protected":false},"excerpt":{"rendered":"<p>Appena ho messo piede a Firenze, ho capito che questo questa era la citt\u00e0 in cui volevo vivere. Se siete appassionati di arte come me, questo \u00e8 il posto per voi!<\/p>\n","protected":false},"author":1,"featured_media":3916,"parent":2408,"menu_order":17,"comment_status":"closed","ping_status":"closed","template":"","meta":{"_acf_changed":false,"footnotes":""},"categories":[],"tags":[],"class_list":["post-2412","page","type-page","status-publish","has-post-thumbnail","hentry"],"acf":[],"yoast_head":"<!-- This site is optimized with the Yoast SEO plugin v27.1.1 - https:\/\/yoast.com\/product\/yoast-seo-wordpress\/ -->\n<title>Federica Bustreo Guida Privata di Firenze - FloE Firenze<\/title>\n<meta name=\"description\" content=\"Guida locale appassionata di musei e arte. Il mio desiderio \u00e8 quello di respirare ogni giorno la gloria del passato irripetibile e ineguagliabile di Firenze.\" \/>\n<meta name=\"robots\" content=\"index, follow, max-snippet:-1, max-image-preview:large, max-video-preview:-1\" \/>\n<link rel=\"canonical\" href=\"https:\/\/florencelocalguides.com\/it\/guide-turistiche-firenze\/federica-bustreo-guida-di-firenze\/\" \/>\n<meta property=\"og:locale\" content=\"it_IT\" \/>\n<meta property=\"og:type\" content=\"article\" \/>\n<meta property=\"og:title\" content=\"Federica Bustreo Guida Privata di Firenze - FloE Firenze\" \/>\n<meta property=\"og:description\" content=\"Guida locale appassionata di musei e arte. Il mio desiderio \u00e8 quello di respirare ogni giorno la gloria del passato irripetibile e ineguagliabile di Firenze.\" \/>\n<meta property=\"og:url\" content=\"https:\/\/florencelocalguides.com\/it\/guide-turistiche-firenze\/federica-bustreo-guida-di-firenze\/\" \/>\n<meta property=\"og:site_name\" content=\"Florence Local Experts\" \/>\n<meta property=\"article:modified_time\" content=\"2024-03-19T12:35:17+00:00\" \/>\n<meta property=\"og:image\" content=\"https:\/\/florencelocalguides.com\/wp-content\/uploads\/header\/spp1453.jpg\" \/>\n\t<meta property=\"og:image:width\" content=\"1920\" \/>\n\t<meta property=\"og:image:height\" content=\"1277\" \/>\n\t<meta property=\"og:image:type\" content=\"image\/jpeg\" \/>\n<meta name=\"twitter:card\" content=\"summary_large_image\" \/>\n<meta name=\"twitter:label1\" content=\"Tempo di lettura stimato\" \/>\n\t<meta name=\"twitter:data1\" content=\"2 minuti\" \/>\n<!-- \/ Yoast SEO plugin. -->","yoast_head_json":{"title":"Federica Bustreo Guida Privata di Firenze - FloE Firenze","description":"Guida locale appassionata di musei e arte. Il mio desiderio \u00e8 quello di respirare ogni giorno la gloria del passato irripetibile e ineguagliabile di Firenze.","robots":{"index":"index","follow":"follow","max-snippet":"max-snippet:-1","max-image-preview":"max-image-preview:large","max-video-preview":"max-video-preview:-1"},"canonical":"https:\/\/florencelocalguides.com\/it\/guide-turistiche-firenze\/federica-bustreo-guida-di-firenze\/","og_locale":"it_IT","og_type":"article","og_title":"Federica Bustreo Guida Privata di Firenze - FloE Firenze","og_description":"Guida locale appassionata di musei e arte. Il mio desiderio \u00e8 quello di respirare ogni giorno la gloria del passato irripetibile e ineguagliabile di Firenze.","og_url":"https:\/\/florencelocalguides.com\/it\/guide-turistiche-firenze\/federica-bustreo-guida-di-firenze\/","og_site_name":"Florence Local Experts","article_modified_time":"2024-03-19T12:35:17+00:00","og_image":[{"width":1920,"height":1277,"url":"https:\/\/florencelocalguides.com\/wp-content\/uploads\/header\/spp1453.jpg","type":"image\/jpeg"}],"twitter_card":"summary_large_image","twitter_misc":{"Tempo di lettura stimato":"2 minuti"},"schema":{"@context":"https:\/\/schema.org","@graph":[{"@type":"WebPage","@id":"https:\/\/florencelocalguides.com\/it\/guide-turistiche-firenze\/federica-bustreo-guida-di-firenze\/","url":"https:\/\/florencelocalguides.com\/it\/guide-turistiche-firenze\/federica-bustreo-guida-di-firenze\/","name":"Federica Bustreo Guida Privata di Firenze - FloE Firenze","isPartOf":{"@id":"https:\/\/florencelocalguides.com\/it\/#website"},"primaryImageOfPage":{"@id":"https:\/\/florencelocalguides.com\/it\/guide-turistiche-firenze\/federica-bustreo-guida-di-firenze\/#primaryimage"},"image":{"@id":"https:\/\/florencelocalguides.com\/it\/guide-turistiche-firenze\/federica-bustreo-guida-di-firenze\/#primaryimage"},"thumbnailUrl":"https:\/\/florencelocalguides.com\/wp-content\/uploads\/dsc02629.jpg","datePublished":"2023-12-07T15:46:00+00:00","dateModified":"2024-03-19T12:35:17+00:00","description":"Guida locale appassionata di musei e arte. Il mio desiderio \u00e8 quello di respirare ogni giorno la gloria del passato irripetibile e ineguagliabile di Firenze.","breadcrumb":{"@id":"https:\/\/florencelocalguides.com\/it\/guide-turistiche-firenze\/federica-bustreo-guida-di-firenze\/#breadcrumb"},"inLanguage":"it-IT","potentialAction":[{"@type":"ReadAction","target":["https:\/\/florencelocalguides.com\/it\/guide-turistiche-firenze\/federica-bustreo-guida-di-firenze\/"]}]},{"@type":"ImageObject","inLanguage":"it-IT","@id":"https:\/\/florencelocalguides.com\/it\/guide-turistiche-firenze\/federica-bustreo-guida-di-firenze\/#primaryimage","url":"https:\/\/florencelocalguides.com\/wp-content\/uploads\/dsc02629.jpg","contentUrl":"https:\/\/florencelocalguides.com\/wp-content\/uploads\/dsc02629.jpg","width":1920,"height":1282},{"@type":"BreadcrumbList","@id":"https:\/\/florencelocalguides.com\/it\/guide-turistiche-firenze\/federica-bustreo-guida-di-firenze\/#breadcrumb","itemListElement":[{"@type":"ListItem","position":1,"name":"Home","item":"https:\/\/florencelocalguides.com\/it\/"},{"@type":"ListItem","position":2,"name":"Chi Siamo","item":"https:\/\/florencelocalguides.com\/it\/guide-turistiche-firenze\/"},{"@type":"ListItem","position":3,"name":"Federica Bustreo"}]},{"@type":"WebSite","@id":"https:\/\/florencelocalguides.com\/it\/#website","url":"https:\/\/florencelocalguides.com\/it\/","name":"Florence Local Experts","description":"","publisher":{"@id":"https:\/\/florencelocalguides.com\/it\/#organization"},"potentialAction":[{"@type":"SearchAction","target":{"@type":"EntryPoint","urlTemplate":"https:\/\/florencelocalguides.com\/it\/?s={search_term_string}"},"query-input":{"@type":"PropertyValueSpecification","valueRequired":true,"valueName":"search_term_string"}}],"inLanguage":"it-IT"},{"@type":"Organization","@id":"https:\/\/florencelocalguides.com\/it\/#organization","name":"Florence Local Experts","url":"https:\/\/florencelocalguides.com\/it\/","logo":{"@type":"ImageObject","inLanguage":"it-IT","@id":"https:\/\/florencelocalguides.com\/it\/#\/schema\/logo\/image\/","url":"https:\/\/florencelocalguides.com\/wp-content\/uploads\/logo\/logo-floe-ok.svg","contentUrl":"https:\/\/florencelocalguides.com\/wp-content\/uploads\/logo\/logo-floe-ok.svg","caption":"Florence Local Experts"},"image":{"@id":"https:\/\/florencelocalguides.com\/it\/#\/schema\/logo\/image\/"}}]}},"_links":{"self":[{"href":"https:\/\/florencelocalguides.com\/it\/wp-json\/wp\/v2\/pages\/2412","targetHints":{"allow":["GET"]}}],"collection":[{"href":"https:\/\/florencelocalguides.com\/it\/wp-json\/wp\/v2\/pages"}],"about":[{"href":"https:\/\/florencelocalguides.com\/it\/wp-json\/wp\/v2\/types\/page"}],"author":[{"embeddable":true,"href":"https:\/\/florencelocalguides.com\/it\/wp-json\/wp\/v2\/users\/1"}],"replies":[{"embeddable":true,"href":"https:\/\/florencelocalguides.com\/it\/wp-json\/wp\/v2\/comments?post=2412"}],"version-history":[{"count":7,"href":"https:\/\/florencelocalguides.com\/it\/wp-json\/wp\/v2\/pages\/2412\/revisions"}],"predecessor-version":[{"id":3257,"href":"https:\/\/florencelocalguides.com\/it\/wp-json\/wp\/v2\/pages\/2412\/revisions\/3257"}],"up":[{"embeddable":true,"href":"https:\/\/florencelocalguides.com\/it\/wp-json\/wp\/v2\/pages\/2408"}],"wp:featuredmedia":[{"embeddable":true,"href":"https:\/\/florencelocalguides.com\/it\/wp-json\/wp\/v2\/media\/3916"}],"wp:attachment":[{"href":"https:\/\/florencelocalguides.com\/it\/wp-json\/wp\/v2\/media?parent=2412"}],"wp:term":[{"taxonomy":"category","embeddable":true,"href":"https:\/\/florencelocalguides.com\/it\/wp-json\/wp\/v2\/categories?post=2412"},{"taxonomy":"post_tag","embeddable":true,"href":"https:\/\/florencelocalguides.com\/it\/wp-json\/wp\/v2\/tags?post=2412"}],"curies":[{"name":"wp","href":"https:\/\/api.w.org\/{rel}","templated":true}]}}